{"id":505,"date":"2024-09-26T15:54:25","date_gmt":"2024-09-26T15:54:25","guid":{"rendered":"https:\/\/oma.skoletjenesten.no\/?page_id=505"},"modified":"2024-09-27T12:44:10","modified_gmt":"2024-09-27T12:44:10","slug":"fasit-til-matematikkoppgave","status":"publish","type":"page","link":"https:\/\/oma.skoletjenesten.no\/?page_id=505","title":{"rendered":"Fasit til matematikkoppgave"},"content":{"rendered":"\n<p>Oppgaven sto i <a href=\"https:\/\/oma.skoletjenesten.no\/?p=442\/#matematikk\" target=\"_blank\" rel=\"noreferrer noopener\">Virtuell virkelighet 37\/24<\/a>.<\/p>\n\n\n\n<p><strong><em>Riktig svar:<\/em><\/strong><br>Per f\u00e5r 200 kroner<br>Mette f\u00e5r 100 kroner<br>Grete f\u00e5r 200 kroner<br>Mats f\u00e5r 100 kroner<\/p>\n\n\n\n<p><strong><em>Bloggeren resonnerte slik:<\/em><\/strong><\/p>\n\n\n\n<p>Fordelingen i  oppgaven kan settes opp mer matematisk:<br>Per = Mette * 2<br>Mette = Per \/ 2<br>Grete = Mette + 100<br>Mats = Per \/ 2<\/p>\n\n\n\n<p>Oppstillingen ovenfor viser at Mette er sentral i utregningen (inng\u00e5r direkte eller indirekte hos alle de andre). Mettes andel blir derfor x i ligningen som er l\u00f8st nedenfor.<\/p>\n\n\n\n<figure class=\"wp-block-image size-full\"><img loading=\"lazy\" decoding=\"async\" width=\"679\" height=\"202\" src=\"https:\/\/oma.skoletjenesten.no\/wp-content\/uploads\/2024\/09\/30_Ligning.jpg\" alt=\"\" class=\"wp-image-506\" srcset=\"https:\/\/oma.skoletjenesten.no\/wp-content\/uploads\/2024\/09\/30_Ligning.jpg 679w, https:\/\/oma.skoletjenesten.no\/wp-content\/uploads\/2024\/09\/30_Ligning-300x89.jpg 300w\" sizes=\"auto, (max-width: 679px) 100vw, 679px\" \/><\/figure>\n","protected":false},"excerpt":{"rendered":"<p>Oppgaven sto i Virtuell virkelighet 37\/24. Riktig svar:Per f\u00e5r 200 kronerMette f\u00e5r 100 kronerGrete f\u00e5r 200 kronerMats f\u00e5r 100 kroner Bloggeren resonnerte slik: Fordelingen i oppgaven kan settes opp mer matematisk:Per = Mette * 2Mette = Per \/ 2Grete = Mette + 100Mats = Per \/ 2 Oppstillingen ovenfor viser at Mette er sentral i&hellip; <a class=\"more-link\" href=\"https:\/\/oma.skoletjenesten.no\/?page_id=505\">Fortsett \u00e5 lese <span class=\"screen-reader-text\">Fasit til matematikkoppgave<\/span><\/a><\/p>\n","protected":false},"author":1,"featured_media":0,"parent":0,"menu_order":0,"comment_status":"closed","ping_status":"closed","template":"","meta":{"footnotes":""},"class_list":["post-505","page","type-page","status-publish","hentry","entry"],"_links":{"self":[{"href":"https:\/\/oma.skoletjenesten.no\/index.php?rest_route=\/wp\/v2\/pages\/505","targetHints":{"allow":["GET"]}}],"collection":[{"href":"https:\/\/oma.skoletjenesten.no\/index.php?rest_route=\/wp\/v2\/pages"}],"about":[{"href":"https:\/\/oma.skoletjenesten.no\/index.php?rest_route=\/wp\/v2\/types\/page"}],"author":[{"embeddable":true,"href":"https:\/\/oma.skoletjenesten.no\/index.php?rest_route=\/wp\/v2\/users\/1"}],"replies":[{"embeddable":true,"href":"https:\/\/oma.skoletjenesten.no\/index.php?rest_route=%2Fwp%2Fv2%2Fcomments&post=505"}],"version-history":[{"count":2,"href":"https:\/\/oma.skoletjenesten.no\/index.php?rest_route=\/wp\/v2\/pages\/505\/revisions"}],"predecessor-version":[{"id":535,"href":"https:\/\/oma.skoletjenesten.no\/index.php?rest_route=\/wp\/v2\/pages\/505\/revisions\/535"}],"wp:attachment":[{"href":"https:\/\/oma.skoletjenesten.no\/index.php?rest_route=%2Fwp%2Fv2%2Fmedia&parent=505"}],"curies":[{"name":"wp","href":"https:\/\/api.w.org\/{rel}","templated":true}]}}