{"id":4713,"date":"2026-04-24T15:54:39","date_gmt":"2026-04-24T15:54:39","guid":{"rendered":"https:\/\/oma.skoletjenesten.no\/?page_id=4713"},"modified":"2026-04-24T15:54:40","modified_gmt":"2026-04-24T15:54:40","slug":"omsorg","status":"publish","type":"page","link":"https:\/\/oma.skoletjenesten.no\/?page_id=4713","title":{"rendered":"Omsorg"},"content":{"rendered":"\n<p class=\"has-extra-small-font-size\">Det er forskjell p\u00e5 \u00e5 bry seg med og \u00e5 bry seg om. N\u00e5r bloggeren beveger seg utenfor ytterd\u00f8ren, opplever han stadig at omgivelsene bryr seg om.<\/p>\n\n\n\n<p>Bloggeren var rett utenfor ytterd\u00f8ren i kveldsm\u00f8rket for ikke s\u00e5 lenge siden. Han skulle m\u00e5le opp et areal p\u00e5 g\u00e5rdsplassen, og gjorde det ved hjelp av rullatoren. Noen som passerte p\u00e5 veien \u2013 og som sikkert syntes bloggerens man\u00f8vrer s\u00e5 rare ut \u2013 stoppet og spurte om han trengte hjelp. Det gjorde trengte han ikke, men takket for at de som spurte, hadde brydd seg <em>om<\/em>.<\/p>\n\n\n\n<p>Bloggerens bil var lite startvennlig nylig. Han spurte den ene naboen, som er bilkyndig, om r\u00e5d. Naboen diagnostiserte problemet og satte i gang lading av bilbatteriet. Han brydde seg <em>om<\/em>.<\/p>\n\n\n\n<p>Eiendommens postkasse var delvis rasert nylig, trolig av en bil som har rygget inn for \u00e5 snu. Bloggeren fikk ikke en gang spurt om hjelp f\u00f8r den andre naboen var i gang med reparasjonen. Han brydde seg <em>om<\/em>.<\/p>\n\n\n\n<p>P\u00e5 vei ut med handlevognen etter \u00e5 ha betalt i butikken, blir bloggeren ofte spurt om han trenger hjelp. De som sp\u00f8r, er mennesker bloggeren ikke kjenner, men som bryr seg <em>om<\/em>.<\/p>\n\n\n\n<p>Alle som bryr seg o<em>m<\/em>, kjenner sikkert sin Beatles:<\/p>\n\n\n\n<figure class=\"wp-block-embed is-type-video is-provider-youtube wp-block-embed-youtube wp-embed-aspect-16-9 wp-has-aspect-ratio\"><div class=\"wp-block-embed__wrapper\">\n<iframe loading=\"lazy\" title=\"The Beatles - The Beatles - Help! (Remastered 2015)\" width=\"750\" height=\"422\" src=\"https:\/\/www.youtube.com\/embed\/2Q_ZzBGPdqE?feature=oembed\" frameborder=\"0\" allow=\"accelerometer; autoplay; clipboard-write; encrypted-media; gyroscope; picture-in-picture; web-share\" referrerpolicy=\"strict-origin-when-cross-origin\" allowfullscreen><\/iframe>\n<\/div><\/figure>\n","protected":false},"excerpt":{"rendered":"<p>Det er forskjell p\u00e5 \u00e5 bry seg med og \u00e5 bry seg om. N\u00e5r bloggeren beveger seg utenfor ytterd\u00f8ren, opplever han stadig at omgivelsene bryr seg om. Bloggeren var rett utenfor ytterd\u00f8ren i kveldsm\u00f8rket for ikke s\u00e5 lenge siden. Han skulle m\u00e5le opp et areal p\u00e5 g\u00e5rdsplassen, og gjorde det ved hjelp av rullatoren. Noen&hellip; <a class=\"more-link\" href=\"https:\/\/oma.skoletjenesten.no\/?page_id=4713\">Fortsett \u00e5 lese <span class=\"screen-reader-text\">Omsorg<\/span><\/a><\/p>\n","protected":false},"author":1,"featured_media":0,"parent":0,"menu_order":0,"comment_status":"closed","ping_status":"closed","template":"","meta":{"footnotes":""},"class_list":["post-4713","page","type-page","status-publish","hentry","entry"],"_links":{"self":[{"href":"https:\/\/oma.skoletjenesten.no\/index.php?rest_route=\/wp\/v2\/pages\/4713","targetHints":{"allow":["GET"]}}],"collection":[{"href":"https:\/\/oma.skoletjenesten.no\/index.php?rest_route=\/wp\/v2\/pages"}],"about":[{"href":"https:\/\/oma.skoletjenesten.no\/index.php?rest_route=\/wp\/v2\/types\/page"}],"author":[{"embeddable":true,"href":"https:\/\/oma.skoletjenesten.no\/index.php?rest_route=\/wp\/v2\/users\/1"}],"replies":[{"embeddable":true,"href":"https:\/\/oma.skoletjenesten.no\/index.php?rest_route=%2Fwp%2Fv2%2Fcomments&post=4713"}],"version-history":[{"count":1,"href":"https:\/\/oma.skoletjenesten.no\/index.php?rest_route=\/wp\/v2\/pages\/4713\/revisions"}],"predecessor-version":[{"id":4716,"href":"https:\/\/oma.skoletjenesten.no\/index.php?rest_route=\/wp\/v2\/pages\/4713\/revisions\/4716"}],"wp:attachment":[{"href":"https:\/\/oma.skoletjenesten.no\/index.php?rest_route=%2Fwp%2Fv2%2Fmedia&parent=4713"}],"curies":[{"name":"wp","href":"https:\/\/api.w.org\/{rel}","templated":true}]}}