{"id":4344,"date":"2026-03-10T11:27:54","date_gmt":"2026-03-10T11:27:54","guid":{"rendered":"https:\/\/oma.skoletjenesten.no\/?page_id=4344"},"modified":"2026-03-10T11:33:05","modified_gmt":"2026-03-10T11:33:05","slug":"ulonnsom-transport","status":"publish","type":"page","link":"https:\/\/oma.skoletjenesten.no\/?page_id=4344","title":{"rendered":"\u00abUl\u00f8nnsom\u00bb transport"},"content":{"rendered":"\n<p class=\"has-extra-small-font-size\">Det var mye styr med statsbudsjettet i h\u00f8st, blant annet fordi bevilgning til gratisferger i distriktene var blitt str\u00f8ket selv om dette var blitt garantert. Bloggeren undrer seg over at de ikke-kystn\u00e6re distriktene ikke har insistert p\u00e5 tilsvarende gratis transport. Arbeidet med \u00e5rets budsjett begynner i dag.<\/p>\n\n\n<div class=\"wp-block-image is-style-twentytwentyone-border\">\n<figure class=\"alignright size-full\"><a href=\"https:\/\/maps.app.goo.gl\/tKJnTeDADXDX4x6B6\" target=\"_blank\" rel=\" noreferrer noopener\"><img loading=\"lazy\" decoding=\"async\" width=\"929\" height=\"734\" src=\"https:\/\/oma.skoletjenesten.no\/wp-content\/uploads\/2026\/03\/VestTelemark-rundt_Opera-Bilde_2026-03-09_131639_www.google.no_.png\" alt=\"\" class=\"wp-image-4345\" srcset=\"https:\/\/oma.skoletjenesten.no\/wp-content\/uploads\/2026\/03\/VestTelemark-rundt_Opera-Bilde_2026-03-09_131639_www.google.no_.png 929w, https:\/\/oma.skoletjenesten.no\/wp-content\/uploads\/2026\/03\/VestTelemark-rundt_Opera-Bilde_2026-03-09_131639_www.google.no_-300x237.png 300w, https:\/\/oma.skoletjenesten.no\/wp-content\/uploads\/2026\/03\/VestTelemark-rundt_Opera-Bilde_2026-03-09_131639_www.google.no_-768x607.png 768w\" sizes=\"auto, (max-width: 929px) 100vw, 929px\" \/><\/a><figcaption class=\"wp-element-caption\">\u00abRingveien\u00e7 fra \u00c5mot og \u00abVinje rundtx0187. Klikk for skalerbart kart.<\/figcaption><\/figure>\n<\/div>\n\n\n<p>Bloggeren bruker Vinje kommune i Vest Telemark som eksempel, og tror forholdene kan v\u00e6re omtrent tilsvarende flere steder i landet. Fra Vinjes kommunesenter \u00c5mot g\u00e5r en slags ringvei gjennom de omr\u00e5dene av kommunen der folk bor (resten er skog og fjell). En minibuss i kontinuerlig rute p\u00e5 denne ringveien ville v\u00e6re et solid l\u00f8ft for persontransporten i omr\u00e5det, for slik det n\u00e5 er, kommer man seg ingen steder uten egen bil. Sj\u00e5f\u00f8r(er) burde det v\u00e6re en smal sak for kommunen \u00e5 skaffe, om n\u00f8dvendig ved \u00e5 bekoste minibuss-sertifikat p\u00e5 aktuelle sj\u00e5f\u00f8rer. Med kontinuerlig ringvei-kj\u00f8ring er det ikke s\u00e5 farlig med rutetider. Kanskje kan det l\u00f8ses med mobiltelefon eller med en datal\u00f8sning som forteller hvor bussen for \u00f8yeblikket befinner seg. Selve minibussen \u2013 med drifts- og vedlikeholdskostnader \u2013 burde ogs\u00e5 v\u00e6re enkelt \u00e5 skaffe; bloggeren ser for seg et samarbeid mellom Vinje kommune, Vest-Telemark Billag og det lokale n\u00e6ringslivet. I lokalsamfunnene er det uante krefter, slik det viste seg med <a href=\"https:\/\/oma.skoletjenesten.no\/?p=2772\" data-type=\"link\" data-id=\"https:\/\/oma.skoletjenesten.no\/?p=2772\" target=\"_blank\" rel=\"noreferrer noopener\">Jotunheimen privatistskule<\/a> i fjor, og slik man kunne se i et innslag i NRKs <em>Norge Rundt <\/em>om bygdebilen Nore og Uvdal.<\/p>\n\n\n\n<figure class=\"wp-block-video\"><video height=\"746\" style=\"aspect-ratio: 1320 \/ 746;\" width=\"1320\" controls src=\"https:\/\/oma.skoletjenesten.no\/wp-content\/uploads\/2026\/03\/30_Bygdebil-Nore-Uvdal.mp4\"><\/video><\/figure>\n\n\n\n<p>Men tilbake til sj\u00f8verts transport. Det m\u00e5tte man ordne selv i gamle dager. Det fortelles at en rob\u00e5t min bestefar bygde (han var b\u00e5tbygger), ble kj\u00f8pt av en mann som rodde den de omtrent 70 kilometerne fra Oma i Strandebarm til Osa innerst i Hardangerfjorden for \u00e5 fri til en jente \u2013 som heldigvis sa ja. Kanskje ideen om minibuss i ringveitrafikk lar seg omforme til sj\u00f8transport med sm\u00e5b\u00e5t?<\/p>\n","protected":false},"excerpt":{"rendered":"<p>Det var mye styr med statsbudsjettet i h\u00f8st, blant annet fordi bevilgning til gratisferger i distriktene var blitt str\u00f8ket selv om dette var blitt garantert. Bloggeren undrer seg over at de ikke-kystn\u00e6re distriktene ikke har insistert p\u00e5 tilsvarende gratis transport. Arbeidet med \u00e5rets budsjett begynner i dag. Bloggeren bruker Vinje kommune i Vest Telemark som&hellip; <a class=\"more-link\" href=\"https:\/\/oma.skoletjenesten.no\/?page_id=4344\">Fortsett \u00e5 lese <span class=\"screen-reader-text\">\u00abUl\u00f8nnsom\u00bb transport<\/span><\/a><\/p>\n","protected":false},"author":1,"featured_media":0,"parent":0,"menu_order":0,"comment_status":"closed","ping_status":"closed","template":"","meta":{"footnotes":""},"class_list":["post-4344","page","type-page","status-publish","hentry","entry"],"_links":{"self":[{"href":"https:\/\/oma.skoletjenesten.no\/index.php?rest_route=\/wp\/v2\/pages\/4344","targetHints":{"allow":["GET"]}}],"collection":[{"href":"https:\/\/oma.skoletjenesten.no\/index.php?rest_route=\/wp\/v2\/pages"}],"about":[{"href":"https:\/\/oma.skoletjenesten.no\/index.php?rest_route=\/wp\/v2\/types\/page"}],"author":[{"embeddable":true,"href":"https:\/\/oma.skoletjenesten.no\/index.php?rest_route=\/wp\/v2\/users\/1"}],"replies":[{"embeddable":true,"href":"https:\/\/oma.skoletjenesten.no\/index.php?rest_route=%2Fwp%2Fv2%2Fcomments&post=4344"}],"version-history":[{"count":2,"href":"https:\/\/oma.skoletjenesten.no\/index.php?rest_route=\/wp\/v2\/pages\/4344\/revisions"}],"predecessor-version":[{"id":4349,"href":"https:\/\/oma.skoletjenesten.no\/index.php?rest_route=\/wp\/v2\/pages\/4344\/revisions\/4349"}],"wp:attachment":[{"href":"https:\/\/oma.skoletjenesten.no\/index.php?rest_route=%2Fwp%2Fv2%2Fmedia&parent=4344"}],"curies":[{"name":"wp","href":"https:\/\/api.w.org\/{rel}","templated":true}]}}