{"id":4118,"date":"2026-02-12T12:08:00","date_gmt":"2026-02-12T12:08:00","guid":{"rendered":"https:\/\/oma.skoletjenesten.no\/?page_id=4118"},"modified":"2026-02-12T12:45:56","modified_gmt":"2026-02-12T12:45:56","slug":"stille-protest","status":"publish","type":"page","link":"https:\/\/oma.skoletjenesten.no\/?page_id=4118","title":{"rendered":"Stille protest"},"content":{"rendered":"\n<p class=\"has-extra-small-font-size\">Minnesota er en av de USAnske statene som har st\u00f8rst andel norsk-\u00e6ttet befolkning. S\u00e5 det er stor mulighet for at flere av dem man har sett delta i protestdemonstrasjoner mot innvandringsspolitiet ICE, har slektninger her til lands. Kanskje er det ogs\u00e5 bakgrunnen for at r\u00f8de nisseluer har blitt tatt i bruk som \u00abdemonstrasjonsplagg\u00bb etter m\u00f8nster fra Norge under den tyske okkupasjonen 1940-45. R\u00f8de toppluer var \u00e9n av flere stille demonstrasjonsformer mot tyskerne og NS.<\/p>\n\n\n<div class=\"wp-block-image is-style-twentytwentyone-border\">\n<figure class=\"alignright size-full\"><img loading=\"lazy\" decoding=\"async\" width=\"790\" height=\"750\" src=\"https:\/\/oma.skoletjenesten.no\/wp-content\/uploads\/2026\/02\/10_Binders-i-knapphullet_Opera-Bilde_2026-02-11_184522_encrypted-tbn0.gstatic.com_.png\" alt=\"\" class=\"wp-image-4119\" srcset=\"https:\/\/oma.skoletjenesten.no\/wp-content\/uploads\/2026\/02\/10_Binders-i-knapphullet_Opera-Bilde_2026-02-11_184522_encrypted-tbn0.gstatic.com_.png 790w, https:\/\/oma.skoletjenesten.no\/wp-content\/uploads\/2026\/02\/10_Binders-i-knapphullet_Opera-Bilde_2026-02-11_184522_encrypted-tbn0.gstatic.com_-300x285.png 300w, https:\/\/oma.skoletjenesten.no\/wp-content\/uploads\/2026\/02\/10_Binders-i-knapphullet_Opera-Bilde_2026-02-11_184522_encrypted-tbn0.gstatic.com_-768x729.png 768w\" sizes=\"auto, (max-width: 790px) 100vw, 790px\" \/><\/figure>\n<\/div>\n\n\n<p>Noe s\u00e5 lite og uskyldig som en binders kunne gi grunn til arrestasjon under krigen. En binders i knapphullet p\u00e5 jakkeslaget sa: \u00abVi holder sammen\u00bb. En blomst i knapphullet p\u00e5 kong Haakons f\u00f8dselsdag 3. august var en synligere, men stille protest.<\/p>\n\n\n\n<p>H\u00f8ylytt protest var kanskje mindre utbredt, i hvert fall i form av demonstrasjoner. Men det var mange m\u00e5ter \u00e5 vise sin mening p\u00e5. Foreldrene mine giftet seg f.eks. borgerlig fordi de ikke var interessert i \u00e5 bli viet av en naziprest.<\/p>\n\n\n\n<p>All massekommunikasjon var sensurert, inkludert det som ble fremf\u00f8rt p\u00e5 en revyscene som Chat Noir. Einar Rose omgikk elegant sensuren i et \u00ab<a href=\"http:\/\/ttt.skoletjenesten.no\/na-gar-det-rett-pa-dunken\/#nazihilsen\" data-type=\"link\" data-id=\"http:\/\/ttt.skoletjenesten.no\/na-gar-det-rett-pa-dunken\/#nazihilsen\" target=\"_blank\" rel=\"noreferrer noopener\">revynummer<\/a>\u00bb som ikke sto i programmet.<\/p>\n\n\n\n<p>De stille protestene bidro til samhold mot okkupasjonen. Forbudene som etter hvert kom mot nisseluer og binders, bidro til \u00e5 latterliggj\u00f8re okkupasjonsmakten og <a href=\"https:\/\/snl.no\/statsb\u00e6rende_parti\" data-type=\"link\" data-id=\"https:\/\/snl.no\/statsb\u00e6rende_parti\" target=\"_blank\" rel=\"noreferrer noopener\">det statsb\u00e6rende partiet<\/a>.<\/p>\n","protected":false},"excerpt":{"rendered":"<p>Minnesota er en av de USAnske statene som har st\u00f8rst andel norsk-\u00e6ttet befolkning. S\u00e5 det er stor mulighet for at flere av dem man har sett delta i protestdemonstrasjoner mot innvandringsspolitiet ICE, har slektninger her til lands. Kanskje er det ogs\u00e5 bakgrunnen for at r\u00f8de nisseluer har blitt tatt i bruk som \u00abdemonstrasjonsplagg\u00bb etter m\u00f8nster&hellip; <a class=\"more-link\" href=\"https:\/\/oma.skoletjenesten.no\/?page_id=4118\">Fortsett \u00e5 lese <span class=\"screen-reader-text\">Stille protest<\/span><\/a><\/p>\n","protected":false},"author":1,"featured_media":0,"parent":0,"menu_order":0,"comment_status":"closed","ping_status":"closed","template":"","meta":{"footnotes":""},"class_list":["post-4118","page","type-page","status-publish","hentry","entry"],"_links":{"self":[{"href":"https:\/\/oma.skoletjenesten.no\/index.php?rest_route=\/wp\/v2\/pages\/4118","targetHints":{"allow":["GET"]}}],"collection":[{"href":"https:\/\/oma.skoletjenesten.no\/index.php?rest_route=\/wp\/v2\/pages"}],"about":[{"href":"https:\/\/oma.skoletjenesten.no\/index.php?rest_route=\/wp\/v2\/types\/page"}],"author":[{"embeddable":true,"href":"https:\/\/oma.skoletjenesten.no\/index.php?rest_route=\/wp\/v2\/users\/1"}],"replies":[{"embeddable":true,"href":"https:\/\/oma.skoletjenesten.no\/index.php?rest_route=%2Fwp%2Fv2%2Fcomments&post=4118"}],"version-history":[{"count":2,"href":"https:\/\/oma.skoletjenesten.no\/index.php?rest_route=\/wp\/v2\/pages\/4118\/revisions"}],"predecessor-version":[{"id":4124,"href":"https:\/\/oma.skoletjenesten.no\/index.php?rest_route=\/wp\/v2\/pages\/4118\/revisions\/4124"}],"wp:attachment":[{"href":"https:\/\/oma.skoletjenesten.no\/index.php?rest_route=%2Fwp%2Fv2%2Fmedia&parent=4118"}],"curies":[{"name":"wp","href":"https:\/\/api.w.org\/{rel}","templated":true}]}}