{"id":3705,"date":"2026-01-05T13:35:53","date_gmt":"2026-01-05T13:35:53","guid":{"rendered":"https:\/\/oma.skoletjenesten.no\/?page_id=3705"},"modified":"2026-01-05T13:46:08","modified_gmt":"2026-01-05T13:46:08","slug":"polarimperialisme","status":"publish","type":"page","link":"https:\/\/oma.skoletjenesten.no\/?page_id=3705","title":{"rendered":"Polarimperialisme"},"content":{"rendered":"\n<p class=\"has-extra-small-font-size\">\u00abLook to Norway\u00bb var noe av det president Franklin D. Roosevelt sa i en tale i 1942. Kanskje dagens president Donald burde f\u00f8lge oppfordringen? For Norge har mer enn 90 \u00e5rs erfaring med okkupasjon av og overh\u00f8yhet over omr\u00e5der i polarstr\u00f8kene (Eirik Raudes land og Bouvet\u00f8ya).<\/p>\n\n\n\n<p><a href=\"https:\/\/snl.no\/Bouvet\u00f8ya\" data-type=\"link\" data-id=\"https:\/\/snl.no\/Bouvet\u00f8ya\" target=\"_blank\" rel=\"noreferrer noopener\">Bouvet\u00f8ya<\/a> ble norsk <a href=\"https:\/\/snl.no\/biland\" data-type=\"link\" data-id=\"https:\/\/snl.no\/biland\" target=\"_blank\" rel=\"noreferrer noopener\">biland<\/a> ved lov av 27. februar 1930. \u00d8ya er enda tynnere befolket enn Gr\u00f8nland, faktisk er den ubebodd om man ser bort fra dyrelivet. Det forhindret ikke at territorialfarvannet rundt Bouvet\u00f8ya ble utvidet fra fire til tolv nautiske mil i 2008.<\/p>\n\n\n\n<p>Eirik Raudes land eksisterer ikke mer som navn; omr\u00e5det heter n\u00e5 Kong Christian 10&#8217;s land. Les mer om dette i blogginnlegget <em><a href=\"https:\/\/ttt.skoletjenesten.no\/striden-mellom-norge-og-danmark-om-gronland\" data-type=\"link\" data-id=\"https:\/\/ttt.skoletjenesten.no\/striden-mellom-norge-og-danmark-om-gronland\" target=\"_blank\" rel=\"noreferrer noopener\">Striden mellom Norge og Danmark om Gr\u00f8nland<\/a><\/em> fra april 2019.<\/p>\n\n\n\n<p><\/p>\n","protected":false},"excerpt":{"rendered":"<p>\u00abLook to Norway\u00bb var noe av det president Franklin D. Roosevelt sa i en tale i 1942. Kanskje dagens president Donald burde f\u00f8lge oppfordringen? For Norge har mer enn 90 \u00e5rs erfaring med okkupasjon av og overh\u00f8yhet over omr\u00e5der i polarstr\u00f8kene (Eirik Raudes land og Bouvet\u00f8ya). Bouvet\u00f8ya ble norsk biland ved lov av 27. februar&hellip; <a class=\"more-link\" href=\"https:\/\/oma.skoletjenesten.no\/?page_id=3705\">Fortsett \u00e5 lese <span class=\"screen-reader-text\">Polarimperialisme<\/span><\/a><\/p>\n","protected":false},"author":1,"featured_media":0,"parent":0,"menu_order":0,"comment_status":"closed","ping_status":"closed","template":"","meta":{"footnotes":""},"class_list":["post-3705","page","type-page","status-publish","hentry","entry"],"_links":{"self":[{"href":"https:\/\/oma.skoletjenesten.no\/index.php?rest_route=\/wp\/v2\/pages\/3705","targetHints":{"allow":["GET"]}}],"collection":[{"href":"https:\/\/oma.skoletjenesten.no\/index.php?rest_route=\/wp\/v2\/pages"}],"about":[{"href":"https:\/\/oma.skoletjenesten.no\/index.php?rest_route=\/wp\/v2\/types\/page"}],"author":[{"embeddable":true,"href":"https:\/\/oma.skoletjenesten.no\/index.php?rest_route=\/wp\/v2\/users\/1"}],"replies":[{"embeddable":true,"href":"https:\/\/oma.skoletjenesten.no\/index.php?rest_route=%2Fwp%2Fv2%2Fcomments&post=3705"}],"version-history":[{"count":3,"href":"https:\/\/oma.skoletjenesten.no\/index.php?rest_route=\/wp\/v2\/pages\/3705\/revisions"}],"predecessor-version":[{"id":3710,"href":"https:\/\/oma.skoletjenesten.no\/index.php?rest_route=\/wp\/v2\/pages\/3705\/revisions\/3710"}],"wp:attachment":[{"href":"https:\/\/oma.skoletjenesten.no\/index.php?rest_route=%2Fwp%2Fv2%2Fmedia&parent=3705"}],"curies":[{"name":"wp","href":"https:\/\/api.w.org\/{rel}","templated":true}]}}