{"id":2834,"date":"2025-09-04T12:47:09","date_gmt":"2025-09-04T12:47:09","guid":{"rendered":"https:\/\/oma.skoletjenesten.no\/?page_id=2834"},"modified":"2025-09-04T12:47:10","modified_gmt":"2025-09-04T12:47:10","slug":"valgrad-i-bloggen","status":"publish","type":"page","link":"https:\/\/oma.skoletjenesten.no\/?page_id=2834","title":{"rendered":"Valgr\u00e5d i bloggen"},"content":{"rendered":"\n<p>27-05.2017<br><a href=\"https:\/\/ttt.skoletjenesten.no\/knapt-fire-maneder-til-stortingsvalget\/\" data-type=\"link\" data-id=\"https:\/\/ttt.skoletjenesten.no\/knapt-fire-maneder-til-stortingsvalget\/\" target=\"_blank\" rel=\"noreferrer noopener\"><strong>Knapt fire m\u00e5neder til stortingsvalget<\/strong><\/a><br><\/p>\n\n\n\n<p>08.07.2017<br><a href=\"https:\/\/ttt.skoletjenesten.no\/advarsler-og-rad-for-stortingsvalgkampen-begynner\/\" data-type=\"link\" data-id=\"https:\/\/ttt.skoletjenesten.no\/advarsler-og-rad-for-stortingsvalgkampen-begynner\/\" target=\"_blank\" rel=\"noreferrer noopener\"><strong>Advarsler og r\u00e5d f\u00f8r stortingsvalgkampen begynner<\/strong><\/a><br><\/p>\n\n\n\n<p>12.08.2017<br><strong><a href=\"https:\/\/ttt.skoletjenesten.no\/valgets-kval\/\" data-type=\"link\" data-id=\"https:\/\/ttt.skoletjenesten.no\/valgets-kval\/\" target=\"_blank\" rel=\"noreferrer noopener\">Valgets-kval<\/a><\/strong><br><\/p>\n\n\n\n<p>02.09.2017<br><a href=\"https:\/\/ttt.skoletjenesten.no\/stortingsvalget-et-uprovd-alternativ\/\" data-type=\"link\" data-id=\"https:\/\/ttt.skoletjenesten.no\/stortingsvalget-et-uprovd-alternativ\/\" target=\"_blank\" rel=\"noreferrer noopener\"><strong>Stortingsvalget: Et upr\u00f8vd alternativ<\/strong><\/a><br><\/p>\n\n\n\n<p>09.09.2017<br><a href=\"https:\/\/ttt.skoletjenesten.no\/siste-ord-om-stortingsvalget\/\" data-type=\"link\" data-id=\"https:\/\/ttt.skoletjenesten.no\/siste-ord-om-stortingsvalget\/\" target=\"_blank\" rel=\"noreferrer noopener\"><strong>Siste ord om stortingsvalget<\/strong><\/a><br><\/p>\n\n\n\n<hr class=\"wp-block-separator has-alpha-channel-opacity\"\/>\n\n\n\n<p>02.04.2021<br><a href=\"https:\/\/ttt.skoletjenesten.no\/valgar\/\" data-type=\"link\" data-id=\"https:\/\/ttt.skoletjenesten.no\/valgar\/\" target=\"_blank\" rel=\"noreferrer noopener\"><strong>Valg\u00e5r<\/strong><\/a><br><\/p>\n\n\n\n<p>13.08.2021<br><a href=\"https:\/\/ttt.skoletjenesten.no\/valg-om-en-maned-statsministerkandidatene\/\" data-type=\"link\" data-id=\"https:\/\/ttt.skoletjenesten.no\/valg-om-en-maned-statsministerkandidatene\/\" target=\"_blank\" rel=\"noreferrer noopener\"><strong>Valg om en m\u00e5ned: statsministerkandidatene<\/strong><\/a><br><\/p>\n\n\n\n<p>03.09.2021<br><a href=\"https:\/\/ttt.skoletjenesten.no\/tenkehjelp-for-valget\/\" data-type=\"link\" data-id=\"https:\/\/ttt.skoletjenesten.no\/tenkehjelp-for-valget\/\" target=\"_blank\" rel=\"noreferrer noopener\"><strong>Tenkehjelp f\u00f8r valget<\/strong><\/a><br><\/p>\n\n\n\n<p>10.09.2021<br><a href=\"https:\/\/ttt.skoletjenesten.no\/tre-dager-til-stortingsvalget\/\" data-type=\"link\" data-id=\"https:\/\/ttt.skoletjenesten.no\/tre-dager-til-stortingsvalget\/\" target=\"_blank\" rel=\"noreferrer noopener\"><strong>Tre dager til stortingsvalget<\/strong><\/a><br><\/p>\n\n\n\n<hr class=\"wp-block-separator has-alpha-channel-opacity\"\/>\n\n\n\n<p class=\"has-small-font-size\">Notiser under <em>Virtuell virkelighet<\/em> og <em>Tilbakeblikk<\/em> er ikke med i oversikten ovenfor. Pr\u00f8v et s\u00f8k!<\/p>\n","protected":false},"excerpt":{"rendered":"<p>27-05.2017Knapt fire m\u00e5neder til stortingsvalget 08.07.2017Advarsler og r\u00e5d f\u00f8r stortingsvalgkampen begynner 12.08.2017Valgets-kval 02.09.2017Stortingsvalget: Et upr\u00f8vd alternativ 09.09.2017Siste ord om stortingsvalget 02.04.2021Valg\u00e5r 13.08.2021Valg om en m\u00e5ned: statsministerkandidatene 03.09.2021Tenkehjelp f\u00f8r valget 10.09.2021Tre dager til stortingsvalget Notiser under Virtuell virkelighet og Tilbakeblikk er ikke med i oversikten ovenfor. Pr\u00f8v et s\u00f8k!<\/p>\n","protected":false},"author":1,"featured_media":0,"parent":0,"menu_order":0,"comment_status":"closed","ping_status":"closed","template":"","meta":{"footnotes":""},"class_list":["post-2834","page","type-page","status-publish","hentry","entry"],"_links":{"self":[{"href":"https:\/\/oma.skoletjenesten.no\/index.php?rest_route=\/wp\/v2\/pages\/2834","targetHints":{"allow":["GET"]}}],"collection":[{"href":"https:\/\/oma.skoletjenesten.no\/index.php?rest_route=\/wp\/v2\/pages"}],"about":[{"href":"https:\/\/oma.skoletjenesten.no\/index.php?rest_route=\/wp\/v2\/types\/page"}],"author":[{"embeddable":true,"href":"https:\/\/oma.skoletjenesten.no\/index.php?rest_route=\/wp\/v2\/users\/1"}],"replies":[{"embeddable":true,"href":"https:\/\/oma.skoletjenesten.no\/index.php?rest_route=%2Fwp%2Fv2%2Fcomments&post=2834"}],"version-history":[{"count":2,"href":"https:\/\/oma.skoletjenesten.no\/index.php?rest_route=\/wp\/v2\/pages\/2834\/revisions"}],"predecessor-version":[{"id":2836,"href":"https:\/\/oma.skoletjenesten.no\/index.php?rest_route=\/wp\/v2\/pages\/2834\/revisions\/2836"}],"wp:attachment":[{"href":"https:\/\/oma.skoletjenesten.no\/index.php?rest_route=%2Fwp%2Fv2%2Fmedia&parent=2834"}],"curies":[{"name":"wp","href":"https:\/\/api.w.org\/{rel}","templated":true}]}}