{"id":2637,"date":"2025-08-06T16:38:18","date_gmt":"2025-08-06T16:38:18","guid":{"rendered":"https:\/\/oma.skoletjenesten.no\/?page_id=2637"},"modified":"2025-08-06T16:38:18","modified_gmt":"2025-08-06T16:38:18","slug":"fruktforretningen-hardanger","status":"publish","type":"page","link":"https:\/\/oma.skoletjenesten.no\/?page_id=2637","title":{"rendered":"Fruktforretningen Hardanger"},"content":{"rendered":"\n<p class=\"has-large-font-size\"><strong><em>Forord<\/em><\/strong><\/p>\n\n\n\n<p><br>Da jeg fikk sp\u00f8rsm\u00e5l fra Torgeir om jeg kunne skrive historien om Fruktforretningen Hardanger, var min f\u00f8rste tanke at det kan da ikke v\u00e6re noe \u00e5 skrive om. En liten fillebutikk i Bjerregaardsgate 41 i Oslo, p\u00e5 35 kvm. med kjeller under. Ved n\u00e6rmere ettertanke kom jeg til<br>at hvis det kunne v\u00e6re av interesse for ham s\u00e5 var det like mye av interesse for meg. Da kunne jeg p\u00e5 en enklere m\u00e5te og i rette sammenheng se grunnen til at jeg havnet der, og at jeg<br>brukte 33 \u00e5r i min beste alder akkurat der. Det var et slit, men ogs\u00e5 interessant. Jeg skulle ikke ha v\u00e6rt kj\u00f8pmann, jeg passet ikke til det. Men det gikk bra, tross alt. Det hadde det neppe gjort hvis jeg ikke hadde hatt min s\u00f8ster Hallfrid til hjelp de f\u00f8rste \u00e5ra og hvis ikke krigen hadde kommet til Norge. Det h\u00f8res ille ut. Forklaringen kommer etter hvert.<\/p>\n\n\n\n<div class=\"wp-block-buttons is-layout-flex wp-block-buttons-is-layout-flex\">\n<div class=\"wp-block-button\"><a class=\"wp-block-button__link wp-element-button\" href=\"http:\/\/ttt.skoletjenesten.no\/wp-content\/uploads\/2025\/07\/Fruktforretningen_Hardanger_OK_Passord-OK.pdf\" rel=\"nofollow\">Mer &#8230; (krever passord)<\/a><\/div>\n<\/div>\n\n\n\n<p><\/p>\n","protected":false},"excerpt":{"rendered":"<p>Forord Da jeg fikk sp\u00f8rsm\u00e5l fra Torgeir om jeg kunne skrive historien om Fruktforretningen Hardanger, var min f\u00f8rste tanke at det kan da ikke v\u00e6re noe \u00e5 skrive om. En liten fillebutikk i Bjerregaardsgate 41 i Oslo, p\u00e5 35 kvm. med kjeller under. Ved n\u00e6rmere ettertanke kom jeg tilat hvis det kunne v\u00e6re av interesse&hellip; <a class=\"more-link\" href=\"https:\/\/oma.skoletjenesten.no\/?page_id=2637\">Fortsett \u00e5 lese <span class=\"screen-reader-text\">Fruktforretningen Hardanger<\/span><\/a><\/p>\n","protected":false},"author":1,"featured_media":0,"parent":0,"menu_order":0,"comment_status":"closed","ping_status":"closed","template":"","meta":{"footnotes":""},"class_list":["post-2637","page","type-page","status-publish","hentry","entry"],"_links":{"self":[{"href":"https:\/\/oma.skoletjenesten.no\/index.php?rest_route=\/wp\/v2\/pages\/2637","targetHints":{"allow":["GET"]}}],"collection":[{"href":"https:\/\/oma.skoletjenesten.no\/index.php?rest_route=\/wp\/v2\/pages"}],"about":[{"href":"https:\/\/oma.skoletjenesten.no\/index.php?rest_route=\/wp\/v2\/types\/page"}],"author":[{"embeddable":true,"href":"https:\/\/oma.skoletjenesten.no\/index.php?rest_route=\/wp\/v2\/users\/1"}],"replies":[{"embeddable":true,"href":"https:\/\/oma.skoletjenesten.no\/index.php?rest_route=%2Fwp%2Fv2%2Fcomments&post=2637"}],"version-history":[{"count":4,"href":"https:\/\/oma.skoletjenesten.no\/index.php?rest_route=\/wp\/v2\/pages\/2637\/revisions"}],"predecessor-version":[{"id":2643,"href":"https:\/\/oma.skoletjenesten.no\/index.php?rest_route=\/wp\/v2\/pages\/2637\/revisions\/2643"}],"wp:attachment":[{"href":"https:\/\/oma.skoletjenesten.no\/index.php?rest_route=%2Fwp%2Fv2%2Fmedia&parent=2637"}],"curies":[{"name":"wp","href":"https:\/\/api.w.org\/{rel}","templated":true}]}}