{"id":2626,"date":"2025-08-06T17:00:52","date_gmt":"2025-08-06T17:00:52","guid":{"rendered":"https:\/\/oma.skoletjenesten.no\/?page_id=2626"},"modified":"2025-08-06T17:00:52","modified_gmt":"2025-08-06T17:00:52","slug":"lesestoff","status":"publish","type":"page","link":"https:\/\/oma.skoletjenesten.no\/?page_id=2626","title":{"rendered":"Lesestoff"},"content":{"rendered":"\n<p>For \u00e5 f\u00e5 tilgang til dokumentene nedenfor, m\u00e5 man ha passord. Det f\u00e5r man ved \u00e5 snakke med bloggeren (IKKE tekstmelding e.l.) \u2013 ansikt til ansikt eller pr. telefon (mellom 11.00 OG 22.00).<\/p>\n\n\n\n<div class=\"wp-block-columns is-layout-flex wp-container-core-columns-is-layout-9d6595d7 wp-block-columns-is-layout-flex\">\n<div class=\"wp-block-column is-layout-flow wp-block-column-is-layout-flow\">\n<figure class=\"wp-block-image size-full\"><img loading=\"lazy\" decoding=\"async\" width=\"612\" height=\"862\" src=\"https:\/\/oma.skoletjenesten.no\/wp-content\/uploads\/2025\/08\/Da-niern-var-ny_Forside.jpg\" alt=\"\" class=\"wp-image-2627\" srcset=\"https:\/\/oma.skoletjenesten.no\/wp-content\/uploads\/2025\/08\/Da-niern-var-ny_Forside.jpg 612w, https:\/\/oma.skoletjenesten.no\/wp-content\/uploads\/2025\/08\/Da-niern-var-ny_Forside-213x300.jpg 213w\" sizes=\"auto, (max-width: 612px) 100vw, 612px\" \/><figcaption class=\"wp-element-caption\"><a href=\"https:\/\/oma.skoletjenesten.no\/?page_id=2631\" data-type=\"link\" data-id=\"https:\/\/oma.skoletjenesten.no\/?page_id=2631\" target=\"_blank\" rel=\"noreferrer noopener\">Se smakebit<\/a><br>Lese alt (passord)<\/figcaption><\/figure>\n<\/div>\n\n\n\n<div class=\"wp-block-column is-layout-flow wp-block-column-is-layout-flow\">\n<figure class=\"wp-block-image size-full\"><img loading=\"lazy\" decoding=\"async\" width=\"612\" height=\"862\" src=\"https:\/\/oma.skoletjenesten.no\/wp-content\/uploads\/2025\/08\/Fruktforretningen-Hardanger_Forside.jpg\" alt=\"\" class=\"wp-image-2628\" srcset=\"https:\/\/oma.skoletjenesten.no\/wp-content\/uploads\/2025\/08\/Fruktforretningen-Hardanger_Forside.jpg 612w, https:\/\/oma.skoletjenesten.no\/wp-content\/uploads\/2025\/08\/Fruktforretningen-Hardanger_Forside-213x300.jpg 213w\" sizes=\"auto, (max-width: 612px) 100vw, 612px\" \/><figcaption class=\"wp-element-caption\">S<a href=\"https:\/\/oma.skoletjenesten.no\/?page_id=2637\" data-type=\"link\" data-id=\"https:\/\/oma.skoletjenesten.no\/?page_id=2637\" target=\"_blank\" rel=\"noreferrer noopener\">e smakebit<\/a><br><a href=\"http:\/\/ttt.skoletjenesten.no\/wp-content\/uploads\/2025\/07\/Fruktforretningen_Hardanger_OK_Passord-OK.pdf\" data-type=\"link\" data-id=\"http:\/\/ttt.skoletjenesten.no\/wp-content\/uploads\/2025\/07\/Fruktforretningen_Hardanger_OK_Passord-OK.pdf\" target=\"_blank\" rel=\"noreferrer noopener\">Lese alt (passord)<\/a><\/figcaption><\/figure>\n<\/div>\n\n\n\n<div class=\"wp-block-column is-layout-flow wp-block-column-is-layout-flow\">\n<figure class=\"wp-block-image size-large\"><img loading=\"lazy\" decoding=\"async\" width=\"773\" height=\"1024\" src=\"https:\/\/oma.skoletjenesten.no\/wp-content\/uploads\/2025\/08\/Krokskogen_00-773x1024.jpg\" alt=\"\" class=\"wp-image-2629\" srcset=\"https:\/\/oma.skoletjenesten.no\/wp-content\/uploads\/2025\/08\/Krokskogen_00-773x1024.jpg 773w, https:\/\/oma.skoletjenesten.no\/wp-content\/uploads\/2025\/08\/Krokskogen_00-226x300.jpg 226w, https:\/\/oma.skoletjenesten.no\/wp-content\/uploads\/2025\/08\/Krokskogen_00-768x1018.jpg 768w, https:\/\/oma.skoletjenesten.no\/wp-content\/uploads\/2025\/08\/Krokskogen_00-1159x1536.jpg 1159w, https:\/\/oma.skoletjenesten.no\/wp-content\/uploads\/2025\/08\/Krokskogen_00-1545x2048.jpg 1545w, https:\/\/oma.skoletjenesten.no\/wp-content\/uploads\/2025\/08\/Krokskogen_00-1568x2078.jpg 1568w, https:\/\/oma.skoletjenesten.no\/wp-content\/uploads\/2025\/08\/Krokskogen_00.jpg 1636w\" sizes=\"auto, (max-width: 773px) 100vw, 773px\" \/><figcaption class=\"wp-element-caption\"><a href=\"https:\/\/oma.skoletjenesten.no\/?page_id=2633\" data-type=\"link\" data-id=\"https:\/\/oma.skoletjenesten.no\/?page_id=2633\" target=\"_blank\" rel=\"noreferrer noopener\">Se smakebit<\/a><br><a href=\"http:\/\/ttt.skoletjenesten.no\/wp-content\/uploads\/2025\/07\/Krokskogen-i-historisk-perspektiv_Passord-OK.pdf\" data-type=\"link\" data-id=\"http:\/\/ttt.skoletjenesten.no\/wp-content\/uploads\/2025\/07\/Krokskogen-i-historisk-perspektiv_Passord-OK.pdf\">Lese alt (passord)<\/a><\/figcaption><\/figure>\n<\/div>\n<\/div>\n\n\n\n<p><\/p>\n","protected":false},"excerpt":{"rendered":"<p>For \u00e5 f\u00e5 tilgang til dokumentene nedenfor, m\u00e5 man ha passord. Det f\u00e5r man ved \u00e5 snakke med bloggeren (IKKE tekstmelding e.l.) \u2013 ansikt til ansikt eller pr. telefon (mellom 11.00 OG 22.00).<\/p>\n","protected":false},"author":1,"featured_media":0,"parent":0,"menu_order":0,"comment_status":"closed","ping_status":"closed","template":"","meta":{"footnotes":""},"class_list":["post-2626","page","type-page","status-publish","hentry","entry"],"_links":{"self":[{"href":"https:\/\/oma.skoletjenesten.no\/index.php?rest_route=\/wp\/v2\/pages\/2626","targetHints":{"allow":["GET"]}}],"collection":[{"href":"https:\/\/oma.skoletjenesten.no\/index.php?rest_route=\/wp\/v2\/pages"}],"about":[{"href":"https:\/\/oma.skoletjenesten.no\/index.php?rest_route=\/wp\/v2\/types\/page"}],"author":[{"embeddable":true,"href":"https:\/\/oma.skoletjenesten.no\/index.php?rest_route=\/wp\/v2\/users\/1"}],"replies":[{"embeddable":true,"href":"https:\/\/oma.skoletjenesten.no\/index.php?rest_route=%2Fwp%2Fv2%2Fcomments&post=2626"}],"version-history":[{"count":4,"href":"https:\/\/oma.skoletjenesten.no\/index.php?rest_route=\/wp\/v2\/pages\/2626\/revisions"}],"predecessor-version":[{"id":2647,"href":"https:\/\/oma.skoletjenesten.no\/index.php?rest_route=\/wp\/v2\/pages\/2626\/revisions\/2647"}],"wp:attachment":[{"href":"https:\/\/oma.skoletjenesten.no\/index.php?rest_route=%2Fwp%2Fv2%2Fmedia&parent=2626"}],"curies":[{"name":"wp","href":"https:\/\/api.w.org\/{rel}","templated":true}]}}