{"id":2537,"date":"2025-07-25T13:36:04","date_gmt":"2025-07-25T13:36:04","guid":{"rendered":"https:\/\/oma.skoletjenesten.no\/?page_id=2537"},"modified":"2025-07-25T13:54:15","modified_gmt":"2025-07-25T13:54:15","slug":"bloggerens-utvalgte-innlegg","status":"publish","type":"page","link":"https:\/\/oma.skoletjenesten.no\/?page_id=2537","title":{"rendered":"Bloggerens utvalgte innlegg"},"content":{"rendered":"\n<p>Klippene nedenfor har st\u00e5tt i bloggen tidligere, og er av dem bloggeren er s\u00e6rlig forn\u00f8yd med. Ellers er det opp til andre \u00e5 vurdere kvaliteten.<\/p>\n\n\n\n<p id=\"Innenrikspolitikk\"><a href=\"#Innenrikspolitikk\">Innenrikspolitikk<\/a> \u058e\u058e <a href=\"#Utenrikspolitikk\">Utenrikspolitikk<\/a> \u058e\u058e <a href=\"#Seniorsak\">Seniorsak<\/a> \u058e\u058e <a href=\"#Folkelig\">Folkelig<\/a><\/p>\n\n\n\n<div style=\"height:100px\" aria-hidden=\"true\" class=\"wp-block-spacer\"><\/div>\n\n\n\n<hr class=\"wp-block-separator has-alpha-channel-opacity\"\/>\n\n\n\n<p><strong><em><span style=\"text-decoration: underline;\">Innenrikspolitikk<\/span><\/em><\/strong><\/p>\n\n\n\n<figure class=\"wp-block-video\"><video height=\"480\" style=\"aspect-ratio: 872 \/ 480;\" width=\"872\" controls src=\"https:\/\/oma.skoletjenesten.no\/wp-content\/uploads\/2025\/07\/Snekkersvekara-Stoere-og-Gram-paa-Raufoss.mp4\"><\/video><figcaption class=\"wp-element-caption\"><a href=\"https:\/\/torgeirs-tanker.skoletjenesten.no\/politisk-musikkvideo\/\" data-type=\"link\" data-id=\"https:\/\/torgeirs-tanker.skoletjenesten.no\/politisk-musikkvideo\/\" target=\"_blank\" rel=\"noreferrer noopener\">Les hele innlegget (26. januar 2024)<\/a>.<\/figcaption><\/figure>\n\n\n\n<div style=\"height:100px\" aria-hidden=\"true\" class=\"wp-block-spacer\"><\/div>\n\n\n\n<hr class=\"wp-block-separator has-alpha-channel-opacity\"\/>\n\n\n\n<p id=\"Utenrikspolitikk\"><strong><em><span style=\"text-decoration: underline;\">Ut<\/span><\/em><span><span style=\"font-style: italic; text-decoration: underline;\">enrikspolitikk<\/span><\/span><\/strong><\/p>\n\n\n\n<figure class=\"wp-block-image size-large is-style-twentytwentyone-border\"><a href=\"https:\/\/torgeirs-tanker.skoletjenesten.no\/\u0443\u043a\u0440\u0430\u0457\u043d\u0430\/\" target=\"_blank\" rel=\" noreferrer noopener\"><img loading=\"lazy\" decoding=\"async\" width=\"1024\" height=\"513\" src=\"https:\/\/oma.skoletjenesten.no\/wp-content\/uploads\/2025\/07\/Ukraina-220218-1024x513.jpg\" alt=\"\" class=\"wp-image-2549\" srcset=\"https:\/\/oma.skoletjenesten.no\/wp-content\/uploads\/2025\/07\/Ukraina-220218-1024x513.jpg 1024w, https:\/\/oma.skoletjenesten.no\/wp-content\/uploads\/2025\/07\/Ukraina-220218-300x150.jpg 300w, https:\/\/oma.skoletjenesten.no\/wp-content\/uploads\/2025\/07\/Ukraina-220218-768x385.jpg 768w, https:\/\/oma.skoletjenesten.no\/wp-content\/uploads\/2025\/07\/Ukraina-220218-1536x769.jpg 1536w, https:\/\/oma.skoletjenesten.no\/wp-content\/uploads\/2025\/07\/Ukraina-220218-1568x785.jpg 1568w, https:\/\/oma.skoletjenesten.no\/wp-content\/uploads\/2025\/07\/Ukraina-220218.jpg 1645w\" sizes=\"auto, (max-width: 1024px) 100vw, 1024px\" \/><\/a><\/figure>\n\n\n\n<hr class=\"wp-block-separator has-alpha-channel-opacity\"\/>\n\n\n\n<figure class=\"wp-block-video\"><video height=\"588\" style=\"aspect-ratio: 1058 \/ 588;\" width=\"1058\" controls src=\"https:\/\/oma.skoletjenesten.no\/wp-content\/uploads\/2024\/10\/90_Iranrakett_OK-2.mp4\"><\/video><figcaption class=\"wp-element-caption\">Les originalteksten fra <a href=\"https:\/\/oma.skoletjenesten.no\/?p=608\/#mossadfilm\" data-type=\"link\" data-id=\"https:\/\/oma.skoletjenesten.no\/?p=608\/#mossadfilm\">11. oktober 2024<\/a>.<\/figcaption><\/figure>\n\n\n\n<p><\/p>\n\n\n\n<div style=\"height:100px\" aria-hidden=\"true\" class=\"wp-block-spacer\"><\/div>\n\n\n\n<hr class=\"wp-block-separator has-alpha-channel-opacity\"\/>\n\n\n\n<p id=\"Seniorsak\"><span style=\"text-decoration: underline;\"><em><strong>Seniorsak<\/strong><\/em><\/span><\/p>\n\n\n\n<figure class=\"wp-block-video\"><video height=\"848\" style=\"aspect-ratio: 480 \/ 848;\" width=\"480\" controls src=\"https:\/\/oma.skoletjenesten.no\/wp-content\/uploads\/2025\/07\/80_Gammel-i-koe_VID-20240225-WA0000.mp4\"><\/video><figcaption class=\"wp-element-caption\">Les originalteksten fra <a href=\"https:\/\/torgeirs-tanker.skoletjenesten.no\/virtuell-virkelighet-13-24\/#gammel-i-drive-in-pizza\" data-type=\"link\" data-id=\"https:\/\/torgeirs-tanker.skoletjenesten.no\/virtuell-virkelighet-13-24\/#gammel-i-drive-in-pizza\" target=\"_blank\" rel=\"noreferrer noopener\">22, mars 2024<\/a>.<\/figcaption><\/figure>\n\n\n\n<hr class=\"wp-block-separator has-alpha-channel-opacity\"\/>\n\n\n\n<figure class=\"wp-block-video\"><video height=\"850\" style=\"aspect-ratio: 1060 \/ 850;\" width=\"1060\" controls src=\"https:\/\/oma.skoletjenesten.no\/wp-content\/uploads\/2025\/07\/20_Fotgjengerdame-Airbag-1.mp4\"><\/video><figcaption class=\"wp-element-caption\">Les originalteksten fra <a href=\"https:\/\/torgeirs-tanker.skoletjenesten.no\/virtuell-virkelighet-7-24\/#gammel-dame-og-kollisjonspute\" data-type=\"link\" data-id=\"https:\/\/torgeirs-tanker.skoletjenesten.no\/virtuell-virkelighet-7-24\/#gammel-dame-og-kollisjonspute\" target=\"_blank\" rel=\"noreferrer noopener\">16.februar 2024<\/a>.<\/figcaption><\/figure>\n\n\n\n<div style=\"height:100px\" aria-hidden=\"true\" class=\"wp-block-spacer\"><\/div>\n\n\n\n<hr class=\"wp-block-separator has-alpha-channel-opacity\"\/>\n\n\n\n<p id=\"Folkelig\"><span style=\"text-decoration: underline;\"><em><strong>Folkelig<\/strong><\/em><\/span><\/p>\n\n\n\n<p>Vaskemaskinreparasjon i Saltdal (med tilh\u00f8rende banning):<\/p>\n\n\n\n<figure class=\"wp-block-video\"><video height=\"480\" style=\"aspect-ratio: 854 \/ 480;\" width=\"854\" controls src=\"https:\/\/oma.skoletjenesten.no\/wp-content\/uploads\/2025\/07\/30_Banning-fra-Saltdal.mp4\"><\/video><figcaption class=\"wp-element-caption\">Les originalteksten fra <a href=\"https:\/\/ttt.skoletjenesten.no\/alternative-fakta-uke-32-2\/#saltdal\" data-type=\"link\" data-id=\"https:\/\/ttt.skoletjenesten.no\/alternative-fakta-uke-32-2\/#saltdal\" target=\"_blank\" rel=\"noreferrer noopener\">10. august 2024<\/a>.<\/figcaption><\/figure>\n\n\n\n<p><\/p>\n","protected":false},"excerpt":{"rendered":"<p>Klippene nedenfor har st\u00e5tt i bloggen tidligere, og er av dem bloggeren er s\u00e6rlig forn\u00f8yd med. Ellers er det opp til andre \u00e5 vurdere kvaliteten. Innenrikspolitikk \u058e\u058e Utenrikspolitikk \u058e\u058e Seniorsak \u058e\u058e Folkelig Innenrikspolitikk Utenrikspolitikk Seniorsak Folkelig Vaskemaskinreparasjon i Saltdal (med tilh\u00f8rende banning):<\/p>\n","protected":false},"author":1,"featured_media":0,"parent":0,"menu_order":0,"comment_status":"closed","ping_status":"closed","template":"","meta":{"footnotes":""},"class_list":["post-2537","page","type-page","status-publish","hentry","entry"],"_links":{"self":[{"href":"https:\/\/oma.skoletjenesten.no\/index.php?rest_route=\/wp\/v2\/pages\/2537","targetHints":{"allow":["GET"]}}],"collection":[{"href":"https:\/\/oma.skoletjenesten.no\/index.php?rest_route=\/wp\/v2\/pages"}],"about":[{"href":"https:\/\/oma.skoletjenesten.no\/index.php?rest_route=\/wp\/v2\/types\/page"}],"author":[{"embeddable":true,"href":"https:\/\/oma.skoletjenesten.no\/index.php?rest_route=\/wp\/v2\/users\/1"}],"replies":[{"embeddable":true,"href":"https:\/\/oma.skoletjenesten.no\/index.php?rest_route=%2Fwp%2Fv2%2Fcomments&post=2537"}],"version-history":[{"count":16,"href":"https:\/\/oma.skoletjenesten.no\/index.php?rest_route=\/wp\/v2\/pages\/2537\/revisions"}],"predecessor-version":[{"id":2565,"href":"https:\/\/oma.skoletjenesten.no\/index.php?rest_route=\/wp\/v2\/pages\/2537\/revisions\/2565"}],"wp:attachment":[{"href":"https:\/\/oma.skoletjenesten.no\/index.php?rest_route=%2Fwp%2Fv2%2Fmedia&parent=2537"}],"curies":[{"name":"wp","href":"https:\/\/api.w.org\/{rel}","templated":true}]}}