{"id":24,"date":"2024-07-28T12:32:32","date_gmt":"2024-07-28T12:32:32","guid":{"rendered":"https:\/\/oma.skoletjenesten.no\/?page_id=24"},"modified":"2026-03-06T16:12:57","modified_gmt":"2026-03-06T16:12:57","slug":"torgeirs-tanker-om-tilvaerelsen","status":"publish","type":"page","link":"https:\/\/oma.skoletjenesten.no\/","title":{"rendered":"Torgeirs tanker om &#8230;"},"content":{"rendered":"\n<p>Denne bloggen har utkommet siden november 2016. Alle tidligere utgaver er tilgjengelig under menyvalget <em>Innhold<\/em>.<\/p>\n\n\n\n<p>Bloggen inneholder det den heter: Torgeirs tanker om tilv\u00e6relsen. Bloggeren gir gjerne uttrykk for egne meninger. Derfor er bloggen \u00e5pen for kommentarer, helst slike som argumenterer <em>mot<\/em> bloggeren.<\/p>\n\n\n\n<p>Bloggens <em>Virtuell virkelighet<\/em> oppdateres daglig. Abonnentene f\u00e5r melding pr. e-post fredag ettermiddag\/kveld om siste ukes oppdateringer.<\/p>\n\n\n\n<p id=\"Finn-daglig\">For \u00e5 lese de nye notisene hver dag: \u00e5pne et hvilket som helst tidligere blogginnlegg og klikk p\u00e5 <em>Innhold<\/em> p\u00e5 menylinjen \u00f8verst (eller bruk menylinjen her9. Det \u00f8verste av de tre valgene p\u00e5 den siden som kommer opp, er en lenke til nyeste <em>Virtuell virkelighet<\/em>.<\/p>\n","protected":false},"excerpt":{"rendered":"<p>Denne bloggen har utkommet siden november 2016. Alle tidligere utgaver er tilgjengelig under menyvalget Innhold. Bloggen inneholder det den heter: Torgeirs tanker om tilv\u00e6relsen. Bloggeren gir gjerne uttrykk for egne meninger. Derfor er bloggen \u00e5pen for kommentarer, helst slike som argumenterer mot bloggeren. Bloggens Virtuell virkelighet oppdateres daglig. Abonnentene f\u00e5r melding pr. e-post fredag ettermiddag\/kveld&hellip; <a class=\"more-link\" href=\"https:\/\/oma.skoletjenesten.no\/\">Fortsett \u00e5 lese <span class=\"screen-reader-text\">Torgeirs tanker om &#8230;<\/span><\/a><\/p>\n","protected":false},"author":1,"featured_media":0,"parent":0,"menu_order":0,"comment_status":"closed","ping_status":"closed","template":"","meta":{"footnotes":""},"class_list":["post-24","page","type-page","status-publish","hentry","entry"],"_links":{"self":[{"href":"https:\/\/oma.skoletjenesten.no\/index.php?rest_route=\/wp\/v2\/pages\/24","targetHints":{"allow":["GET"]}}],"collection":[{"href":"https:\/\/oma.skoletjenesten.no\/index.php?rest_route=\/wp\/v2\/pages"}],"about":[{"href":"https:\/\/oma.skoletjenesten.no\/index.php?rest_route=\/wp\/v2\/types\/page"}],"author":[{"embeddable":true,"href":"https:\/\/oma.skoletjenesten.no\/index.php?rest_route=\/wp\/v2\/users\/1"}],"replies":[{"embeddable":true,"href":"https:\/\/oma.skoletjenesten.no\/index.php?rest_route=%2Fwp%2Fv2%2Fcomments&post=24"}],"version-history":[{"count":8,"href":"https:\/\/oma.skoletjenesten.no\/index.php?rest_route=\/wp\/v2\/pages\/24\/revisions"}],"predecessor-version":[{"id":4321,"href":"https:\/\/oma.skoletjenesten.no\/index.php?rest_route=\/wp\/v2\/pages\/24\/revisions\/4321"}],"wp:attachment":[{"href":"https:\/\/oma.skoletjenesten.no\/index.php?rest_route=%2Fwp%2Fv2%2Fmedia&parent=24"}],"curies":[{"name":"wp","href":"https:\/\/api.w.org\/{rel}","templated":true}]}}