{"id":1931,"date":"2025-04-30T11:33:42","date_gmt":"2025-04-30T11:33:42","guid":{"rendered":"https:\/\/oma.skoletjenesten.no\/?page_id=1931"},"modified":"2025-04-30T11:33:42","modified_gmt":"2025-04-30T11:33:42","slug":"valgrad-2017-i-bloggen","status":"publish","type":"page","link":"https:\/\/oma.skoletjenesten.no\/?page_id=1931","title":{"rendered":"Valgr\u00e5d 2017 i bloggen"},"content":{"rendered":"\n<p>27-05.2017<br><a href=\"https:\/\/ttt.skoletjenesten.no\/knapt-fire-maneder-til-stortingsvalget\/\" data-type=\"link\" data-id=\"https:\/\/ttt.skoletjenesten.no\/knapt-fire-maneder-til-stortingsvalget\/\" target=\"_blank\" rel=\"noreferrer noopener\">Knapt fire m\u00e5neder til stortingsvalget<\/a><br><\/p>\n\n\n\n<p>08.07.2017<br><a href=\"https:\/\/ttt.skoletjenesten.no\/advarsler-og-rad-for-stortingsvalgkampen-begynner\/\" data-type=\"link\" data-id=\"https:\/\/ttt.skoletjenesten.no\/advarsler-og-rad-for-stortingsvalgkampen-begynner\/\" target=\"_blank\" rel=\"noreferrer noopener\">Advarsler og r\u00e5d f\u00f8r stortingsvalgkampen begynner<\/a><br><\/p>\n\n\n\n<p>12.08.2017<br><a href=\"https:\/\/ttt.skoletjenesten.no\/valgets-kval\/\" data-type=\"link\" data-id=\"https:\/\/ttt.skoletjenesten.no\/valgets-kval\/\" target=\"_blank\" rel=\"noreferrer noopener\">Valgets-kval<\/a><br><\/p>\n\n\n\n<p>02.09.2017<br><a href=\"https:\/\/ttt.skoletjenesten.no\/stortingsvalget-et-uprovd-alternativ\/\" data-type=\"link\" data-id=\"https:\/\/ttt.skoletjenesten.no\/stortingsvalget-et-uprovd-alternativ\/\" target=\"_blank\" rel=\"noreferrer noopener\">Stortingsvalget: Et upr\u00f8vd alternativ<\/a><br><\/p>\n\n\n\n<p>09.09.2017<br><a href=\"https:\/\/ttt.skoletjenesten.no\/siste-ord-om-stortingsvalget\/\" data-type=\"link\" data-id=\"https:\/\/ttt.skoletjenesten.no\/siste-ord-om-stortingsvalget\/\" target=\"_blank\" rel=\"noreferrer noopener\">Siste ord om stortingsvalget<\/a><br><\/p>\n","protected":false},"excerpt":{"rendered":"<p>27-05.2017Knapt fire m\u00e5neder til stortingsvalget 08.07.2017Advarsler og r\u00e5d f\u00f8r stortingsvalgkampen begynner 12.08.2017Valgets-kval 02.09.2017Stortingsvalget: Et upr\u00f8vd alternativ 09.09.2017Siste ord om stortingsvalget<\/p>\n","protected":false},"author":1,"featured_media":0,"parent":0,"menu_order":0,"comment_status":"closed","ping_status":"closed","template":"","meta":{"footnotes":""},"class_list":["post-1931","page","type-page","status-publish","hentry","entry"],"_links":{"self":[{"href":"https:\/\/oma.skoletjenesten.no\/index.php?rest_route=\/wp\/v2\/pages\/1931","targetHints":{"allow":["GET"]}}],"collection":[{"href":"https:\/\/oma.skoletjenesten.no\/index.php?rest_route=\/wp\/v2\/pages"}],"about":[{"href":"https:\/\/oma.skoletjenesten.no\/index.php?rest_route=\/wp\/v2\/types\/page"}],"author":[{"embeddable":true,"href":"https:\/\/oma.skoletjenesten.no\/index.php?rest_route=\/wp\/v2\/users\/1"}],"replies":[{"embeddable":true,"href":"https:\/\/oma.skoletjenesten.no\/index.php?rest_route=%2Fwp%2Fv2%2Fcomments&post=1931"}],"version-history":[{"count":2,"href":"https:\/\/oma.skoletjenesten.no\/index.php?rest_route=\/wp\/v2\/pages\/1931\/revisions"}],"predecessor-version":[{"id":1933,"href":"https:\/\/oma.skoletjenesten.no\/index.php?rest_route=\/wp\/v2\/pages\/1931\/revisions\/1933"}],"wp:attachment":[{"href":"https:\/\/oma.skoletjenesten.no\/index.php?rest_route=%2Fwp%2Fv2%2Fmedia&parent=1931"}],"curies":[{"name":"wp","href":"https:\/\/api.w.org\/{rel}","templated":true}]}}