{"id":1877,"date":"2025-04-24T11:47:35","date_gmt":"2025-04-24T11:47:35","guid":{"rendered":"https:\/\/oma.skoletjenesten.no\/?page_id=1877"},"modified":"2025-04-24T11:47:36","modified_gmt":"2025-04-24T11:47:36","slug":"frans-av-asissis-bonn","status":"publish","type":"page","link":"https:\/\/oma.skoletjenesten.no\/?page_id=1877","title":{"rendered":"\u00abFrans av Asissis b\u00f8nn\u00bb"},"content":{"rendered":"\n<p>(1913, ukjent forfatter)<\/p>\n\n\n\n<p>Herre gj\u00f8r meg til redskap for din fred!<br>La meg bringe kj\u00e6rlighet der hatet r\u00e5r.<br>La meg bringe forlatelse der urett er beg\u00e5tt. La meg skape enighet der uenighet r\u00e5r.<br>La meg bringe tro der tvilen r\u00e5r.<br>La meg bringe sannhet der villfarelse r\u00e5r.<br>La meg bringe lys der m\u00f8rket ruger.<br>La meg bringe glede der bedr\u00f8velse hersker!<br>\u00c5 Mester!<br>La meg ikke s\u00f8ke s\u00e5 meget \u00e5 bli tr\u00f8stet som det \u00e5 tr\u00f8ste. Ikke s\u00e5 meget \u00e5 bli forst\u00e5tt som det \u00e5 forst\u00e5.<br>Ikke s\u00e5 meget \u00e5 bli elsket som det \u00e5 elske!<br>For det er gjennom at man gir at man f\u00e5r.<br>Det er ved \u00e5 glemme seg selv at man finner seg selv. Det er ved \u00e5 tilgi andre at man selv f\u00e5r tilgivelse!<br>Det er ved \u00e5 d\u00f8 at man oppst\u00e5r til det evige liv!<br>Amen.<\/p>\n","protected":false},"excerpt":{"rendered":"<p>(1913, ukjent forfatter) Herre gj\u00f8r meg til redskap for din fred!La meg bringe kj\u00e6rlighet der hatet r\u00e5r.La meg bringe forlatelse der urett er beg\u00e5tt. La meg skape enighet der uenighet r\u00e5r.La meg bringe tro der tvilen r\u00e5r.La meg bringe sannhet der villfarelse r\u00e5r.La meg bringe lys der m\u00f8rket ruger.La meg bringe glede der bedr\u00f8velse hersker!\u00c5&hellip; <a class=\"more-link\" href=\"https:\/\/oma.skoletjenesten.no\/?page_id=1877\">Fortsett \u00e5 lese <span class=\"screen-reader-text\">\u00abFrans av Asissis b\u00f8nn\u00bb<\/span><\/a><\/p>\n","protected":false},"author":1,"featured_media":0,"parent":0,"menu_order":0,"comment_status":"closed","ping_status":"closed","template":"","meta":{"footnotes":""},"class_list":["post-1877","page","type-page","status-publish","hentry","entry"],"_links":{"self":[{"href":"https:\/\/oma.skoletjenesten.no\/index.php?rest_route=\/wp\/v2\/pages\/1877","targetHints":{"allow":["GET"]}}],"collection":[{"href":"https:\/\/oma.skoletjenesten.no\/index.php?rest_route=\/wp\/v2\/pages"}],"about":[{"href":"https:\/\/oma.skoletjenesten.no\/index.php?rest_route=\/wp\/v2\/types\/page"}],"author":[{"embeddable":true,"href":"https:\/\/oma.skoletjenesten.no\/index.php?rest_route=\/wp\/v2\/users\/1"}],"replies":[{"embeddable":true,"href":"https:\/\/oma.skoletjenesten.no\/index.php?rest_route=%2Fwp%2Fv2%2Fcomments&post=1877"}],"version-history":[{"count":1,"href":"https:\/\/oma.skoletjenesten.no\/index.php?rest_route=\/wp\/v2\/pages\/1877\/revisions"}],"predecessor-version":[{"id":1878,"href":"https:\/\/oma.skoletjenesten.no\/index.php?rest_route=\/wp\/v2\/pages\/1877\/revisions\/1878"}],"wp:attachment":[{"href":"https:\/\/oma.skoletjenesten.no\/index.php?rest_route=%2Fwp%2Fv2%2Fmedia&parent=1877"}],"curies":[{"name":"wp","href":"https:\/\/api.w.org\/{rel}","templated":true}]}}