{"id":1788,"date":"2025-04-10T12:15:22","date_gmt":"2025-04-10T12:15:22","guid":{"rendered":"https:\/\/oma.skoletjenesten.no\/?page_id=1788"},"modified":"2025-04-10T12:15:22","modified_gmt":"2025-04-10T12:15:22","slug":"de-dodes-tjern-omtale","status":"publish","type":"page","link":"https:\/\/oma.skoletjenesten.no\/?page_id=1788","title":{"rendered":"De d\u00f8des tjern \u2013 omtale"},"content":{"rendered":"\n<p class=\"has-large-font-size\"><strong><em>Psykologisk krim<\/em><\/strong><\/p>\n\n\n\n<p>\u00abDe d\u00f8des tjern\u00bb er skrevet av Bernhard Borge, som er Andr\u00e9 Bjerkes pseudonym. Boka ble utgitt i 1942. Den har i mange \u00e5r v\u00e6rt den typiske repre\u00adsentanten for norsk p\u00e5skekrim og ble ogs\u00e5 filmet med sv\u00e6rt godt resultat i cinemascope i 1958.<\/p>\n\n\n\n<ol start=\"1942\" class=\"wp-block-list\"><\/ol>\n\n\n\n<p>\u00abDe d\u00f8des tjern\u00bb er en sv\u00e6rt spesiell bok. Det er en av de f\u00f8rste gangene i norsk kriminallitteratur at psykoanalyse er benyttet. Helten Kai Bugge, etterforskeren i Bernhard Borges b\u00f8ker, er psykoanalytiker. Da boka ble utgitt, ble det klart at modellen var den kjente psykoanalytikeren Trygve Braat\u00f8y.<\/p>\n\n\n\n<p><em><span style=\"text-decoration: underline;\">Middagsselskap<\/span><\/em><br>Boka begynner med et middagsselskap hjemme hos jeg-personen, forfatteren selv. Han mangler ideer til en ny bok. Det f\u00e5r han til gagns, for en av gjestene, Bj\u00f8rn Werner, har kj\u00f8pt Daumannshytta i \u00d8sterdalen, der det ble beg\u00e5tt et drap.<\/p>\n\n\n\n<p><span style=\"text-decoration: underline;\"><em>Mystisk tjern<\/em><\/span><br>Vi f\u00e5r vite at en brutal og lite likt fyr ved navn Gr\u00e5vik for lenge siden hadde voktet sjalu over s\u00f8steren sin. Da hun dro av sted med en annen mann, forfulgte Gr\u00e5vik dem. Det endte med drap f\u00f8r Gr\u00e5vik druknet seg i Bl\u00e5tjern. Siden har alle som bes\u00f8kte hytta, hatt en trang til \u00e5 opps\u00f8ke tjernet.<\/p>\n\n\n\n<p><span style=\"text-decoration: underline;\"><em>Forsvinningsnummer<\/em><\/span><br>Det mystiske er at ogs\u00e5 Bj\u00f8rn Werner har en s\u00f8ster, Liljan, som han er sv\u00e6rt knyttet til. Likheten med den gamle historien er s\u00e5 sl\u00e5ende at forfatteren bestemmer seg for \u00e5 unders\u00f8ke saken n\u00e6rmere. N\u00e5r han kommer til hytta sammen med noen venner, viser det seg at Bj\u00f8rn Werner er forsvunnet\u2026<\/p>\n\n\n\n<p><em><span style=\"text-decoration: underline;\">Ordkunstner<\/span><\/em><br>I dag vil enkelte hevde at \u00abDe d\u00f8des tjern\u00bb mister noe av spenningen fordi Andr\u00e9 Bjerke er en ordkunstner som av og til fr\u00e5tser i ord. Det kan til tider virke litt komisk. Andre vil si at det komiske ikke minsker spenningen, men gj\u00f8r boka mer lesverdig.<\/p>\n\n\n\n<p><em><span style=\"text-decoration: underline;\">Vestkantgutter<\/span><\/em><br>Enkelte vil reagere p\u00e5 at fortellingen har en litt gammeldags \u00abheisann\u00bb-stil, som Trond Kirkvaag har parodiert i sine TV-sketsjer om nyheter fra Montebello p\u00e5 Oslos beste vestkant. Mennene virker som litt for kjekke vestkantgutter. De blir omtalt med etternavn, mens jentene blir omtalt med fornavn.<\/p>\n\n\n\n<p><em><span style=\"text-decoration: underline;\">Kj\u00f8nnsroller<\/span><\/em><br>Det merkes godt at boka ble skrevet for mange ti\u00e5r siden. Enten blir man som leser raskt vant til denne stilen, eller s\u00e5 synes man at den er h\u00e5pl\u00f8st foreldet. Kj\u00f8nnsrollene er i overkant tydelige for moderne lesere. Men p\u00e5 slutten er jentene likevel de t\u00f8ffeste.<\/p>\n\n\n\n<p><em><span style=\"text-decoration: underline;\">V\u00e5gal utgivelse<\/span><\/em><br>I 1942 var det noks\u00e5 modig av Aschehoug \u00e5 utgi denne romanen og ogs\u00e5 Torolf Elsters \u00abHistorien om Gottlob\u00bb. Det var mange forhold som den tyske sensuren kunne ha festet seg ved, slik at de to b\u00f8kene ville ha blitt beslaglagt.<\/p>\n\n\n\n<p><em><span style=\"text-decoration: underline;\">Pek til nazistene<\/span><\/em><br>Bl.a. sies det i \u00abDe d\u00f8des tjern\u00bb at Kai Bugge har skrevet en avhandling om forbrytelsens psykologi. Det refererer til Sigmund Freud, en person som nazistene ford\u00f8mte b\u00e5de for teoriene hans og fordi han var j\u00f8de.<\/p>\n\n\n\n<p><\/p>\n","protected":false},"excerpt":{"rendered":"<p>Psykologisk krim \u00abDe d\u00f8des tjern\u00bb er skrevet av Bernhard Borge, som er Andr\u00e9 Bjerkes pseudonym. Boka ble utgitt i 1942. Den har i mange \u00e5r v\u00e6rt den typiske repre\u00adsentanten for norsk p\u00e5skekrim og ble ogs\u00e5 filmet med sv\u00e6rt godt resultat i cinemascope i 1958. \u00abDe d\u00f8des tjern\u00bb er en sv\u00e6rt spesiell bok. Det er en&hellip; <a class=\"more-link\" href=\"https:\/\/oma.skoletjenesten.no\/?page_id=1788\">Fortsett \u00e5 lese <span class=\"screen-reader-text\">De d\u00f8des tjern \u2013 omtale<\/span><\/a><\/p>\n","protected":false},"author":1,"featured_media":0,"parent":0,"menu_order":0,"comment_status":"closed","ping_status":"closed","template":"","meta":{"footnotes":""},"class_list":["post-1788","page","type-page","status-publish","hentry","entry"],"_links":{"self":[{"href":"https:\/\/oma.skoletjenesten.no\/index.php?rest_route=\/wp\/v2\/pages\/1788","targetHints":{"allow":["GET"]}}],"collection":[{"href":"https:\/\/oma.skoletjenesten.no\/index.php?rest_route=\/wp\/v2\/pages"}],"about":[{"href":"https:\/\/oma.skoletjenesten.no\/index.php?rest_route=\/wp\/v2\/types\/page"}],"author":[{"embeddable":true,"href":"https:\/\/oma.skoletjenesten.no\/index.php?rest_route=\/wp\/v2\/users\/1"}],"replies":[{"embeddable":true,"href":"https:\/\/oma.skoletjenesten.no\/index.php?rest_route=%2Fwp%2Fv2%2Fcomments&post=1788"}],"version-history":[{"count":2,"href":"https:\/\/oma.skoletjenesten.no\/index.php?rest_route=\/wp\/v2\/pages\/1788\/revisions"}],"predecessor-version":[{"id":1790,"href":"https:\/\/oma.skoletjenesten.no\/index.php?rest_route=\/wp\/v2\/pages\/1788\/revisions\/1790"}],"wp:attachment":[{"href":"https:\/\/oma.skoletjenesten.no\/index.php?rest_route=%2Fwp%2Fv2%2Fmedia&parent=1788"}],"curies":[{"name":"wp","href":"https:\/\/api.w.org\/{rel}","templated":true}]}}