{"id":1515,"date":"2025-04-10T12:15:55","date_gmt":"2025-04-10T12:15:55","guid":{"rendered":"https:\/\/oma.skoletjenesten.no\/?page_id=1515"},"modified":"2025-04-10T12:15:55","modified_gmt":"2025-04-10T12:15:55","slug":"nordahl-grieg-nattoget","status":"publish","type":"page","link":"https:\/\/oma.skoletjenesten.no\/?page_id=1515","title":{"rendered":"Nordahl Grieg: Nattoget"},"content":{"rendered":"\n<p>Rolig g\u00e5r toget frem over \u00d8stlandet.<br>Frosthimlen lyser, stjerne ved stjerne.<br>Karlsvognen ruller stilt langsmed \u00e5skammen,<br>der hvor dens br\u00f8dre dr\u00f8nner mot jernet.<\/p>\n\n\n\n<p>Menskene sover inde i nattoget,<br>trygt i den venlige, varme kup\u00e9en.<br>Vugget tilhvile fra sangen av hjulene<br>b\u00e6res de frem gjennem natten og sneen.<\/p>\n\n\n\n<p>Blodr\u00f8e gnister fyker langs stjernene<br>opp fra det dirrende lokomotivet.<br>Fyrd\u00f8ren \u00e5pnes; ind sl\u00e6nges kullene.<br>Her sliter m\u00e6ndene; her synger livet.<\/p>\n\n\n\n<p>Men i den ukjendte natten de suser mot,<br>synger det ogs\u00e5, i viljer som sp\u00e6ndtes \u2013<br>skufler i snestormen, bud gjennem tr\u00e5dene,<br>h\u00f8r oss, v\u00e6r rede \u2013 nattoget ventes!<\/p>\n\n\n\n<p>H\u00f8ifjeldsmaskinen sn\u00f8fter mot stormnatten,<br>kr\u00e6ftene str\u00e6kker den, skinnende, slanke,<br>frem i en skj\u00f8nhet som ender i sneplogen,<br>stolt som en vilje, fri som en tanke!<\/p>\n\n\n\n<p>Br\u00e6ndingen fr\u00e5der og velter mot st\u00e5lbringen,<br>spr\u00e6nges av plogjernets flamme som flyver.<br>Manden p\u00e5 d\u00f8rken griper om spaden sin;<br>ildm\u00f8rjen blaffer; snek\u00f4vet gyver. \u2014\u2014<\/p>\n\n\n\n<p>Sang det i tr\u00e5dene: Sneras ved Reinunga!<br>Hei, den roterende s\u00e6tter opp dampen,<br>suser langs linjen, pikker opp m\u00e6ndene,<br>dirrer med v\u00e6ldige kr\u00e6fter mot kampen.<\/p>\n\n\n\n<p>Hvinende skj\u00e6rer de flyvende knivene<br>ind gjennem skredet, hvirvler og sl\u00e6nger<br>sneen til himmels; stanger sig fremover<br>fot efter fot langsmed skinnenes strenger.<\/p>\n\n\n\n<p>M\u00e6ndene luter ved gry, over skuflene,<br>frysende venter de: d\u00e9r dr\u00f8nner larmen,<br>nattoget fl\u00f8iter! Inde i vognene<br>v\u00e5kner det nogen, og klager for varmen.<\/p>\n\n\n\n<p>S\u00e5 er det borte, bruset av nattoget!<br>Ut i den friheten m\u00e6ndene br\u00f8itet<br>stormer det v\u00e6ldig med jublende klang,<br>spr\u00e6nger langs juvene, smelder i skj\u00e6ringer,<br>lyner i solskinnet, nedover, nedover,<br>dalene b\u00e6ver under dets sang!<\/p>\n\n\n\n<p>Farten blir \u00f8ket, susende vestover!<br>M\u00e5let er n\u00e6r, ja i bl\u00e6sten fra havet<br>l\u00f8fter det st\u00e5lropet, seirende, stolt!<br>Skibene svarer; skibene skj\u00f8nner det \u2013<br>de som m\u00e5 g\u00e5 gjennem m\u00f8rket og uveiret \u2026<br>Nattoget stanser. Ruten er holdt.<\/p>\n","protected":false},"excerpt":{"rendered":"<p>Rolig g\u00e5r toget frem over \u00d8stlandet.Frosthimlen lyser, stjerne ved stjerne.Karlsvognen ruller stilt langsmed \u00e5skammen,der hvor dens br\u00f8dre dr\u00f8nner mot jernet. Menskene sover inde i nattoget,trygt i den venlige, varme kup\u00e9en.Vugget tilhvile fra sangen av hjuleneb\u00e6res de frem gjennem natten og sneen. Blodr\u00f8e gnister fyker langs stjerneneopp fra det dirrende lokomotivet.Fyrd\u00f8ren \u00e5pnes; ind sl\u00e6nges kullene.Her sliter&hellip; <a class=\"more-link\" href=\"https:\/\/oma.skoletjenesten.no\/?page_id=1515\">Fortsett \u00e5 lese <span class=\"screen-reader-text\">Nordahl Grieg: Nattoget<\/span><\/a><\/p>\n","protected":false},"author":1,"featured_media":0,"parent":0,"menu_order":0,"comment_status":"closed","ping_status":"closed","template":"","meta":{"footnotes":""},"class_list":["post-1515","page","type-page","status-publish","hentry","entry"],"_links":{"self":[{"href":"https:\/\/oma.skoletjenesten.no\/index.php?rest_route=\/wp\/v2\/pages\/1515","targetHints":{"allow":["GET"]}}],"collection":[{"href":"https:\/\/oma.skoletjenesten.no\/index.php?rest_route=\/wp\/v2\/pages"}],"about":[{"href":"https:\/\/oma.skoletjenesten.no\/index.php?rest_route=\/wp\/v2\/types\/page"}],"author":[{"embeddable":true,"href":"https:\/\/oma.skoletjenesten.no\/index.php?rest_route=\/wp\/v2\/users\/1"}],"replies":[{"embeddable":true,"href":"https:\/\/oma.skoletjenesten.no\/index.php?rest_route=%2Fwp%2Fv2%2Fcomments&post=1515"}],"version-history":[{"count":1,"href":"https:\/\/oma.skoletjenesten.no\/index.php?rest_route=\/wp\/v2\/pages\/1515\/revisions"}],"predecessor-version":[{"id":1516,"href":"https:\/\/oma.skoletjenesten.no\/index.php?rest_route=\/wp\/v2\/pages\/1515\/revisions\/1516"}],"wp:attachment":[{"href":"https:\/\/oma.skoletjenesten.no\/index.php?rest_route=%2Fwp%2Fv2%2Fmedia&parent=1515"}],"curies":[{"name":"wp","href":"https:\/\/api.w.org\/{rel}","templated":true}]}}