{"id":1511,"date":"2025-02-27T16:51:51","date_gmt":"2025-02-27T16:51:51","guid":{"rendered":"https:\/\/oma.skoletjenesten.no\/?page_id=1511"},"modified":"2025-02-27T16:51:51","modified_gmt":"2025-02-27T16:51:51","slug":"1222-av-anne-holt","status":"publish","type":"page","link":"https:\/\/oma.skoletjenesten.no\/?page_id=1511","title":{"rendered":"1222 av Anne Holt"},"content":{"rendered":"\n<p>Bergenstoget kr\u00e6sjer p\u00e5 Finse i en voldsom sn\u00f8storm, og passasjerene innlosjeres p\u00e5 hotell Finse 1222. Det skjer to drap, og skadeskutte Hanne Wilhelmsen (som n\u00e5 sitter i rullestol) l\u00f8ser mysteriet. Helt grei underholdning p\u00e5 \u00f8ret under g\u00e5-\/l\u00f8peturer. Fint lest av Vibeke Saugestad.<\/p>\n\n\n\n<p>Signaturen <em>Variosa<\/em> p\u00e5 nettstedet <em><a href=\"https:\/\/bokelskere.no\/bok\/1222-kriminalroman\/46234\/\" data-type=\"link\" data-id=\"https:\/\/bokelskere.no\/bok\/1222-kriminalroman\/46234\/\" target=\"_blank\" rel=\"noreferrer noopener\">Bokelskere.no.<\/a><\/em><\/p>\n\n\n\n<p><\/p>\n","protected":false},"excerpt":{"rendered":"<p>Bergenstoget kr\u00e6sjer p\u00e5 Finse i en voldsom sn\u00f8storm, og passasjerene innlosjeres p\u00e5 hotell Finse 1222. Det skjer to drap, og skadeskutte Hanne Wilhelmsen (som n\u00e5 sitter i rullestol) l\u00f8ser mysteriet. Helt grei underholdning p\u00e5 \u00f8ret under g\u00e5-\/l\u00f8peturer. Fint lest av Vibeke Saugestad. Signaturen Variosa p\u00e5 nettstedet Bokelskere.no.<\/p>\n","protected":false},"author":1,"featured_media":0,"parent":0,"menu_order":0,"comment_status":"closed","ping_status":"closed","template":"","meta":{"footnotes":""},"class_list":["post-1511","page","type-page","status-publish","hentry","entry"],"_links":{"self":[{"href":"https:\/\/oma.skoletjenesten.no\/index.php?rest_route=\/wp\/v2\/pages\/1511","targetHints":{"allow":["GET"]}}],"collection":[{"href":"https:\/\/oma.skoletjenesten.no\/index.php?rest_route=\/wp\/v2\/pages"}],"about":[{"href":"https:\/\/oma.skoletjenesten.no\/index.php?rest_route=\/wp\/v2\/types\/page"}],"author":[{"embeddable":true,"href":"https:\/\/oma.skoletjenesten.no\/index.php?rest_route=\/wp\/v2\/users\/1"}],"replies":[{"embeddable":true,"href":"https:\/\/oma.skoletjenesten.no\/index.php?rest_route=%2Fwp%2Fv2%2Fcomments&post=1511"}],"version-history":[{"count":2,"href":"https:\/\/oma.skoletjenesten.no\/index.php?rest_route=\/wp\/v2\/pages\/1511\/revisions"}],"predecessor-version":[{"id":1724,"href":"https:\/\/oma.skoletjenesten.no\/index.php?rest_route=\/wp\/v2\/pages\/1511\/revisions\/1724"}],"wp:attachment":[{"href":"https:\/\/oma.skoletjenesten.no\/index.php?rest_route=%2Fwp%2Fv2%2Fmedia&parent=1511"}],"curies":[{"name":"wp","href":"https:\/\/api.w.org\/{rel}","templated":true}]}}