{"id":1461,"date":"2025-02-19T11:39:54","date_gmt":"2025-02-19T11:39:54","guid":{"rendered":"https:\/\/oma.skoletjenesten.no\/?page_id=1461"},"modified":"2025-02-19T11:39:54","modified_gmt":"2025-02-19T11:39:54","slug":"harald-sverdrup-ovelser-i-hjemlig-diskriminering","status":"publish","type":"page","link":"https:\/\/oma.skoletjenesten.no\/?page_id=1461","title":{"rendered":"Harald Sverdrup:  \u00d8velser i hjemlig diskriminering"},"content":{"rendered":"\n<p>H\u00f8r dikterens fremf\u00f8ring under vise- og lyrikkfestivalen i Haugesund 4972:<\/p>\n\n\n\n<figure class=\"wp-block-embed is-type-video is-provider-youtube wp-block-embed-youtube wp-embed-aspect-4-3 wp-has-aspect-ratio\"><div class=\"wp-block-embed__wrapper\">\n<iframe loading=\"lazy\" title=\"14 Vise- og lyrikkfestivalen i Haugesund 1972: Harald Sverdrup - \u00d8velser i hjemlig diskriminering\" width=\"750\" height=\"563\" src=\"https:\/\/www.youtube.com\/embed\/Jh6DvLZGkns?feature=oembed\" frameborder=\"0\" allow=\"accelerometer; autoplay; clipboard-write; encrypted-media; gyroscope; picture-in-picture; web-share\" referrerpolicy=\"strict-origin-when-cross-origin\" allowfullscreen><\/iframe>\n<\/div><\/figure>\n\n\n\n<p>J\u00c6VLA KONTORISTER,<br>frimerkeslikkere, silkefine lanker, feite jobber, gj\u00f8r<br>ingenting, g\u00e5r p\u00e5 restaurant, spiser r\u00f8kelaks med<br>egger\u00f8re og ryper i saus, tyller i seg r\u00f8dvin<br>og whisky, forbannade Oslo-sniker, pyser, bader hver<br>dag, finprater med jentene, lurer i dem portvin,<br>trikser med dem, setter unger p\u00e5 dem, stikker av,<br>fy faen,<br>kutt hue av dem,<br>sleng dem i s\u00f8ppelsjakta, hele bunten!<\/p>\n\n\n\n<p>J\u00c6VLA KOMMUNEARBEIDERE,<br>latsekker, m\u00e5 st\u00f8 seg til spa\u00b4en og spettet for \u00e5 greie<br>\u00e5 holde seg oppreist, gj\u00f8r ingenting, drekker \u00f8l og<br>himkok, speller kort og tipper i arbeidstida, men<br>egen bil og eget hus har\u00b4em, det kan du skrive opp,<br>selv om de fikk atombomba i hue ville de ikke rikke<br>p\u00e5 seg, ikke lee p\u00e5 \u00f8yelokka engang, fy faen, de er<br>ikke verdt et tupp i r\u00e6va engang,<br>kutt hue av dem,<br>sleng dem i s\u00f8ppelsjakta, hele bunten!<\/p>\n\n\n\n<p>J\u00c6VLA DROSJESJ\u00c5F\u00d8RER,<br>sn\u00f8rrhovne drittsekker, fins ikke h\u00f8flighet i dem,<br>svarer frekt, soper inn penger, lurer stakkars fylliker,<br>tar dobbelt pris hvis det passer\u00b4em, og det passer<br>sikkert, sitter p\u00e5 r\u00e6va som feite konger, gidder s\u00e5<br>vidt snu seg for \u00e5 ta imot betalinga. J\u00e6vla kelnere,<br>skrider omkring som dronningen av Saba med nesa<br>i v\u00e6ret, er aldri tilstede n\u00e5r du trenger\u00b4em, sm\u00f8rer<br>et par-tre ekstra pjoltere p\u00e5 regninga som ser ut som<br>en utedass for at du ikke skal skj\u00f8nne en dritt,<br>fy faen, gj\u00f8r ingenting,<br>kutt hue av dem,<br>sleng dem i s\u00f8ppelsjakta, hele bunten!<\/p>\n\n\n\n<p>J\u00c6VLA NORDLENDINGER,<br>inn i helvetes snyltere, gj\u00f8r ingenting, krever alt<br>mulig, plaga oss under krigen, kom s\u00f8rover som en<br>bande tatere med klesbylter og et haugetall unger,<br>br\u00e5kte og lo og var sure og prata skit, gi\u00b4rem en<br>spa\u00b4e og og et greip i handa og la dem f\u00e5 pr\u00f8ve seg, sett<br>dem i arbeidsleir, da kan du skrive opp at det ville<br>bli sabotasje, kan\u00b4ke jobbe noen av dem, fy faen for<br>et folkeferd, den midnattssola kan du f\u00e5 billig av<br>meg, dyng hele rasket ned med t\u00f8rrf\u00e6sk og kleppf\u00e6sk,<br>sprett dem opp i buken,<br>kutt hue av dem,<br>sleng dem i s\u00f8ppelsjakta, hele bunten!<\/p>\n\n\n\n<p>J\u00c6VLA NATTURIDDIOTER,<br>dyrebeskyttelseskaniner, mosegrodde turistnisser,<br>friluftskaniner, blomster-oler med rabarbra-bla\u00b4er i<br>knapph\u00f8let, kvidrende luksusluddere med pipp-pip-er<br>p\u00e5 handa, zoologiske t\u00f8rrpinner som passer til<br>\u00e5 st\u00f8 opp potteplanter med, hele r\u00f8klet babler om \u00e5<br>verne, snart f\u00e5r vi en lov som forbyr oss \u00e5 sl\u00e5 ihj\u00e6l<br>spyfluer og klegg, ingen av dem har tatt i en spa\u00b4e<br>engang og en sikring t\u00f8r de ikke \u00e5 komme n\u00e6r engang,<br>det kan du banne p\u00e5, f\u00f8lger ikke med tida, ta<br>lyset fra dem som skj\u00f8nner de nok at vi trenger fossekraft,<br>det bobler hysterisk i huet p\u00e5 dem, en eneste<br>graut av kvikks\u00f8lv, DDT og biocider, men kom<br>ikke og si at de ikke eter seg stappmette p\u00e5 jordb\u00e6r,<br>finpoteter og hvetekake, h\u00e6! snakke om \u00e5 frede rovfugl<br>og rovdyr og hele faenskapet, de kan ikke<br>v\u00e6re riktig navla, tenk om en eneste av dissa nattur-<br>tomsingene hadde eid ei eneste h\u00f8ne, da kunne du<br>banne p\u00e5 at pipa ville f\u00e5tt en annen l\u00e5t, nei det er<br>vi som trenger \u00e5 bli freda mot disse tusseladdene,<br>send dem til Svalbard, kj\u00f8l dem ned, dypfrys dem,<br>la dem f\u00e5 dyrebeskytte hverandre deroppe, sett dem<br>ut til isbj\u00f8rnfor, gi dem en polarnatt i hue s\u00e5 de f\u00e5r<br>tenkt seg om, nei frede, fred skal bli,<br>kutt hue av dem,<br>sleng dem i s\u00f8ppelsjakta, hele bunten!<\/p>\n\n\n\n<p>J\u00c6VLA HIPPIETYPER,<br>kan faen ikke se forskjell p\u00e5 gutt og jente lenger,<br>m\u00e5 lette p\u00e5 skjorteflaka for \u00e5 se om det henger noe<br>p\u00e5 dem eller ikke, kler seg glorete som niggere, ser<br>ut som de har hue inni e h\u00f8ys\u00e5te, prater som en<br>djukboks, frekke som bare faen, r\u00f8yker hasj og<br>prater bare dritt om foreldre, polti, skole og samfunn,<br>jaggu sa jeg revvolusjon\u00b4, gi dem en p\u00e5 blanke<br>revvolusjonen, det er det eneste som nytter, sl\u00e5 inn<br>tanngarden p\u00e5 dem, kutt av dem dingsen s\u00e5 f\u00e5r de<br>det som de vil ha det, fy faen og s\u00e5nt skal v\u00e6re<br>ungdom, kan\u00b4ke bli mannfolk av s\u00e5nt noe, og<br>jentene, vil jeg ikke snakke om, tyggegummiluddere,<br>bakseteklinere, vrikkesklier, send dem til Afrika, de<br>gj\u00f8r jo ikke annet enn \u00e5 jogge og trimme seg til<br>hvit slavehandel allikav\u00e6l,<br>kutt hue av dem,<br>sleng dem i s\u00f8ppelsjakta, hele bunten!<\/p>\n","protected":false},"excerpt":{"rendered":"<p>H\u00f8r dikterens fremf\u00f8ring under vise- og lyrikkfestivalen i Haugesund 4972: J\u00c6VLA KONTORISTER,frimerkeslikkere, silkefine lanker, feite jobber, gj\u00f8ringenting, g\u00e5r p\u00e5 restaurant, spiser r\u00f8kelaks medegger\u00f8re og ryper i saus, tyller i seg r\u00f8dvinog whisky, forbannade Oslo-sniker, pyser, bader hverdag, finprater med jentene, lurer i dem portvin,trikser med dem, setter unger p\u00e5 dem, stikker av,fy faen,kutt hue av&hellip; <a class=\"more-link\" href=\"https:\/\/oma.skoletjenesten.no\/?page_id=1461\">Fortsett \u00e5 lese <span class=\"screen-reader-text\">Harald Sverdrup:  \u00d8velser i hjemlig diskriminering<\/span><\/a><\/p>\n","protected":false},"author":1,"featured_media":0,"parent":0,"menu_order":0,"comment_status":"closed","ping_status":"closed","template":"","meta":{"footnotes":""},"class_list":["post-1461","page","type-page","status-publish","hentry","entry"],"_links":{"self":[{"href":"https:\/\/oma.skoletjenesten.no\/index.php?rest_route=\/wp\/v2\/pages\/1461","targetHints":{"allow":["GET"]}}],"collection":[{"href":"https:\/\/oma.skoletjenesten.no\/index.php?rest_route=\/wp\/v2\/pages"}],"about":[{"href":"https:\/\/oma.skoletjenesten.no\/index.php?rest_route=\/wp\/v2\/types\/page"}],"author":[{"embeddable":true,"href":"https:\/\/oma.skoletjenesten.no\/index.php?rest_route=\/wp\/v2\/users\/1"}],"replies":[{"embeddable":true,"href":"https:\/\/oma.skoletjenesten.no\/index.php?rest_route=%2Fwp%2Fv2%2Fcomments&post=1461"}],"version-history":[{"count":3,"href":"https:\/\/oma.skoletjenesten.no\/index.php?rest_route=\/wp\/v2\/pages\/1461\/revisions"}],"predecessor-version":[{"id":1480,"href":"https:\/\/oma.skoletjenesten.no\/index.php?rest_route=\/wp\/v2\/pages\/1461\/revisions\/1480"}],"wp:attachment":[{"href":"https:\/\/oma.skoletjenesten.no\/index.php?rest_route=%2Fwp%2Fv2%2Fmedia&parent=1461"}],"curies":[{"name":"wp","href":"https:\/\/api.w.org\/{rel}","templated":true}]}}