{"id":1031,"date":"2024-12-17T22:28:10","date_gmt":"2024-12-17T22:28:10","guid":{"rendered":"https:\/\/oma.skoletjenesten.no\/?page_id=1031"},"modified":"2024-12-20T14:02:34","modified_gmt":"2024-12-20T14:02:34","slug":"ost-og-vest-tyskland","status":"publish","type":"page","link":"https:\/\/oma.skoletjenesten.no\/?page_id=1031","title":{"rendered":"\u00d8st- og Vest-Tyskland"},"content":{"rendered":"\n<p>Da Tyskland til slutt kapitulerte i mai 1945 for de allierte (Storbritannia, Frankrike, USA og Sovjetunionen), ble landet delt i fire okkupasjonssoner. Sovjetunionen kontrollerte den \u00f8stlige, de andre tre de tre vestlige sonene. Disse tre sonene i ble i 1949 sl\u00e5tt sammen til Bundesrepublik Deutschland (BDR, vanligvis kalt Vest-Tyskland), som ble en selvstendig stat styrt etter vestlig standard. Den sovjetkontrollerte sonen ble til Deutsche Demokratische Republik (DDR, vanligvis kalt \u00d8st-Tyskland), som fikk styresett i sovjetisk stil. De to statene ble sl\u00e5tt sammen (i praksis ble \u00d8st-Tyskland oppl\u00f8st som stat) i 1992.<\/p>\n","protected":false},"excerpt":{"rendered":"<p>Da Tyskland til slutt kapitulerte i mai 1945 for de allierte (Storbritannia, Frankrike, USA og Sovjetunionen), ble landet delt i fire okkupasjonssoner. Sovjetunionen kontrollerte den \u00f8stlige, de andre tre de tre vestlige sonene. Disse tre sonene i ble i 1949 sl\u00e5tt sammen til Bundesrepublik Deutschland (BDR, vanligvis kalt Vest-Tyskland), som ble en selvstendig stat styrt&hellip; <a class=\"more-link\" href=\"https:\/\/oma.skoletjenesten.no\/?page_id=1031\">Fortsett \u00e5 lese <span class=\"screen-reader-text\">\u00d8st- og Vest-Tyskland<\/span><\/a><\/p>\n","protected":false},"author":1,"featured_media":0,"parent":0,"menu_order":0,"comment_status":"closed","ping_status":"closed","template":"","meta":{"footnotes":""},"class_list":["post-1031","page","type-page","status-publish","hentry","entry"],"_links":{"self":[{"href":"https:\/\/oma.skoletjenesten.no\/index.php?rest_route=\/wp\/v2\/pages\/1031","targetHints":{"allow":["GET"]}}],"collection":[{"href":"https:\/\/oma.skoletjenesten.no\/index.php?rest_route=\/wp\/v2\/pages"}],"about":[{"href":"https:\/\/oma.skoletjenesten.no\/index.php?rest_route=\/wp\/v2\/types\/page"}],"author":[{"embeddable":true,"href":"https:\/\/oma.skoletjenesten.no\/index.php?rest_route=\/wp\/v2\/users\/1"}],"replies":[{"embeddable":true,"href":"https:\/\/oma.skoletjenesten.no\/index.php?rest_route=%2Fwp%2Fv2%2Fcomments&post=1031"}],"version-history":[{"count":2,"href":"https:\/\/oma.skoletjenesten.no\/index.php?rest_route=\/wp\/v2\/pages\/1031\/revisions"}],"predecessor-version":[{"id":1058,"href":"https:\/\/oma.skoletjenesten.no\/index.php?rest_route=\/wp\/v2\/pages\/1031\/revisions\/1058"}],"wp:attachment":[{"href":"https:\/\/oma.skoletjenesten.no\/index.php?rest_route=%2Fwp%2Fv2%2Fmedia&parent=1031"}],"curies":[{"name":"wp","href":"https:\/\/api.w.org\/{rel}","templated":true}]}}